{"id":1608,"date":"2025-03-25T15:00:40","date_gmt":"2025-03-25T15:00:40","guid":{"rendered":"https:\/\/manuscythegamedesign.com\/consultorias-personalizadas\/"},"modified":"2025-11-24T09:59:25","modified_gmt":"2025-11-24T09:59:25","slug":"personalized-consulting","status":"publish","type":"page","link":"https:\/\/manuscythegamedesign.com\/en\/personalized-consulting\/","title":{"rendered":"Personalized consulting"},"content":{"rendered":"<section class=\"header_curvy1_30_1 background-1-light\" id=\"\" data-block-id=\"69e395041713369e3950417134\" data-block-name=\"acf\/header-curvy1-30-1\" data-post-id=\"1608\" data-stable-id=\"block_1a11ebb528a24cfe139ac8f120c3507b\">\r\n    <div class=\"container\">\r\n        <div class=\"row\">\r\n            <div class=\"col\">\r\n                                <div class=\"subtitulo tamano6-boldcta color-1-headings-dark\">Need help?<\/div>\r\n                                <h1 class=\"tamano1 color-1-headings-dark\">PERSONALIZED CONSULTING<\/h1>\r\n            <\/div>\r\n        <\/div>\r\n    <\/div>\r\n<\/section>\r\n<style>\r\n    .header_curvy1_30_1 .col .subtitulo {\r\n        text-align: center;\r\n        padding-bottom: 25px;\r\n    }\r\n\r\n    .header_curvy1_30_1 .col h1 {\r\n        text-align: center;\r\n    }\r\n\r\n    .header_curvy1_30_1 .col {\r\n        max-width: 1230px;\r\n        margin: 0 auto;\r\n    }\r\n\r\n    .header_curvy1_30_1 {\r\n        padding: 200px 0 55px 0;\r\n    }\r\n\r\n    @media (max-width:1200px) {\r\n        .header_curvy1_30_1 {\r\n            padding: 120px 0 35px 0;\r\n        }\r\n    }\r\n\r\n    @media (max-width:768px) {\r\n        .header_curvy1_30_1 h1 {\r\n            line-height: var(--tamano3-line-height);\r\n        }\r\n\r\n        .header_curvy1_30_1 {\r\n            padding: 100px 0 40px;\r\n        }\r\n    }\r\n<\/style>\r\n<section class=\"services_child_2_1 background-1-light\" id=\"\" data-block-id=\"69e3950417dbd69e3950417dbe\" data-block-name=\"acf\/services-child-2-1\" data-post-id=\"1608\" data-stable-id=\"block_be21e8fb1de9f7a122c4ec3ba3a44b89\">\r\n    <div class=\"container\">\r\n        <div class=\"row\">\r\n            <div class=\"col col-top\" data-aos=\"fade-up\">\r\n                                                <h2 class=\"tamano2 color-1-headings-dark\">Don&#8217;t despair: your expert is just a call away<\/h2>\r\n                            <\/div>\r\n                    <\/div>\r\n    <\/div>\r\n<\/section>\r\n<section class=\"bloques_child_2_1 background-1-light\">\r\n        <div class=\"subbloque_child_2_1 \">\r\n        <div class=\"container\">\r\n            <div class=\"row\">\r\n                <div class=\"col col-imagen\" data-aos=\"fade-right\">\r\n                                                                <img decoding=\"async\" src=\"https:\/\/manuscythegamedesign.com\/wp-content\/uploads\/2025\/10\/1-Consultoria-1-Problema-Preocupacion-e1760610860108.png\" title=\"Si te sientes as\u00ed, no te rindas, pide ayuda\" alt=\"Si te sientes as\u00ed, no te rindas, pide ayuda\">\r\n                                                        <\/div>\r\n                <div class=\"col col-texto\" data-aos=\"fade-left\">\r\n                                        <h3 class=\"tamano3 color-1-headings-dark\">We identify your problem<\/h3>\r\n                                                            <div class=\"texto tamano7 color-1-body-dark\"><p>Many times, the problem starts because you don&#8217;t know what is failing with your product. You just know that something isn&#8217;t right, but you can&#8217;t pinpoint exactly what.<\/p>\n<p>The first step to solving any problem is always identifying it, but you don&#8217;t always have the necessary design and production knowledge at your disposal.<\/p>\n<p>At MSGD we analyze your product, identify the problems, and provide real and operable solutions so you can continue creating.<\/p>\n<\/div>\r\n                                                        <\/div>\r\n            <\/div>\r\n        <\/div>\r\n    <\/div>\r\n    <\/div>\r\n        <div class=\"subbloque_child_2_1 \">\r\n        <div class=\"container\">\r\n            <div class=\"row\">\r\n                <div class=\"col col-imagen\" data-aos=\"fade-right\">\r\n                                                                <img decoding=\"async\" src=\"https:\/\/manuscythegamedesign.com\/wp-content\/uploads\/2025\/10\/2-Happy-Customer-with-a-plan-e1760613341366.png\" title=\"Consigue tu plan de acci\u00f3n, \u00a1ya!\" alt=\"Consigue tu plan de acci\u00f3n, \u00a1ya!\">\r\n                                                        <\/div>\r\n                <div class=\"col col-texto\" data-aos=\"fade-left\">\r\n                                        <h3 class=\"tamano3 color-1-headings-dark\">We design your action plan<\/h3>\r\n                                                            <div class=\"texto tamano7 color-1-body-dark\"><p>We understand how frustrating it is to know your problem and still not have the right tools to solve it.<\/p>\n<p>From beginners to experts, sometimes we need to delegate or simply be guided by someone with experience and fresh vision to develop a clear, concise, and effective action plan.<\/p>\n<p>If you need support in a specific field, don&#8217;t waste your time on patches and half-baked solutions: choose personalized solutions created by someone who understands your product<\/p>\n<\/div>\r\n                                                            <a class=\"btn-round tamano-7-mediumcta color-boton-1-texto-normal color-boton-1-texto-hover color-boton-1-normal color-boton-1-hover\"\r\n                        href=\"https:\/\/manuscythegamedesign.com\/contacto\/\" target=\"\">Request your plan<\/a>\r\n                                    <\/div>\r\n            <\/div>\r\n        <\/div>\r\n    <\/div>\r\n    <\/div>\r\n    <\/section>\r\n<style>\r\n    .bloques_child_2_1,\r\n    .iconos_child_2_1,\r\n    .services_child_2_1 {\r\n        overflow-x: hidden;\r\n    }\r\n\r\n    .services_child_2_1 .col-columnas .columna-item .texto *:not(:last-child) {\r\n        padding-bottom: 20px;\r\n    }\r\n\r\n    .services_child_2_1 .col-columnas .columna-item .texto {\r\n        padding-bottom: 30px;\r\n    }\r\n\r\n    .services_child_2_1 .col-columnas .columna-item h3 {\r\n        padding-bottom: 25px;\r\n    }\r\n\r\n    .services_child_2_1 .col-columnas .columna-item {\r\n        width: calc(33% - 20px);\r\n    }\r\n\r\n    .bloques_child_2_1 .subbloque_child_2_1 .texto *:not(:last-child) {\r\n        padding-bottom: 20px;\r\n    }\r\n\r\n    .bloques_child_2_1 .subbloque_child_2_1 .texto {\r\n        padding-bottom: 35px;\r\n    }\r\n\r\n    .bloques_child_2_1 .subbloque_child_2_1 h3 {\r\n        padding-bottom: 25px;\r\n    }\r\n\r\n    .bloques_child_2_1 .subbloque_child_2_1 .row>.col {\r\n        width: 50%;\r\n    }\r\n\r\n    .bloques_child_2_1 .subbloque_child_2_1:nth-child(even) .row {\r\n        flex-direction: row-reverse;\r\n    }\r\n\r\n    .bloques_child_2_1 .subbloque_child_2_1 .row {\r\n        display: flex;\r\n        align-items: center;\r\n        gap: 150px;\r\n    }\r\n\r\n    .iconos_child_2_1,\r\n    .bloques_child_2_1 .subbloque_child_2_1 {\r\n        padding: 80px 150px;\r\n    }\r\n\r\n    .bloques_child_2_1 .subbloque_child_2_1 .col-imagen .video {\r\n        width: 100%;\r\n        height: 100%;\r\n        overflow: hidden;\r\n    }\r\n\r\n    .bloques_child_2_1 .subbloque_child_2_1 .col-imagen .video iframe {\r\n        width: 100%;\r\n        height: 100%;\r\n        border: none;\r\n        min-height: 600px;\r\n    }\r\n\r\n    .services_child_2_1 .col-columnas {\r\n        padding-left: 150px;\r\n        flex-wrap: wrap;\r\n        display: flex;\r\n        gap: 30px;\r\n    }\r\n\r\n    .services_child_2_1 .col-top {\r\n        margin-bottom: 65px;\r\n    }\r\n\r\n    .services_child_2_1 .col-top .subtitulo {\r\n        padding-bottom: 25px;\r\n    }\r\n\r\n    .services_child_2_1 {\r\n        padding: 80px 150px;\r\n    }\r\n\r\n    .subbloque_child_2_1 .btn-round,\r\n    .services_child_2_1 .btn-round {\r\n        border-radius: 60px;\r\n        padding: 12px 25px;\r\n        display: inline-block;\r\n        min-width: 175px;\r\n        text-align: center;\r\n        text-decoration: none;\r\n    }\r\n\r\n    .iconos_child_2_1 .col-titulo h3 {\r\n        text-align: center;\r\n    }\r\n\r\n    .iconos_child_2_1 .col-iconos .icono-item img {\r\n        max-width: 112px;\r\n        margin: 0 auto;\r\n    }\r\n\r\n    .iconos_child_2_1 .col-iconos .icono-item .titulo {\r\n        text-align: center;\r\n    }\r\n\r\n    .iconos_child_2_1 .col-iconos .icono-item {\r\n        display: flex;\r\n        flex-direction: column;\r\n        gap: 35px;\r\n        justify-content: center;\r\n        align-items: center;\r\n        width: calc(20% - 24px);\r\n    }\r\n\r\n    .iconos_child_2_1 .col-iconos {\r\n        display: flex;\r\n        align-items: flex-start;\r\n        flex-wrap: wrap;\r\n        gap: 30px;\r\n        justify-content: center;\r\n    }\r\n\r\n    .iconos_child_2_1 .col-titulo {\r\n        padding-bottom: 80px;\r\n    }\r\n\r\n    @media (max-width:1750px) {\r\n        .services_child_2_1 .col-columnas {\r\n            padding-left: 50px;\r\n        }\r\n\r\n        .iconos_child_2_1,\r\n        .bloques_child_2_1 .subbloque_child_2_1,\r\n        .services_child_2_1 {\r\n            padding-left: 50px;\r\n            padding-right: 50px;\r\n        }\r\n    }\r\n\r\n    @media (max-width:1550px) {\r\n        .bloques_child_2_1 .subbloque_child_2_1 .row {\r\n            gap: 75px;\r\n        }\r\n\r\n        .services_child_2_1 .col-columnas {\r\n            padding-left: 15px;\r\n        }\r\n\r\n        .iconos_child_2_1,\r\n        .bloques_child_2_1 .subbloque_child_2_1,\r\n        .services_child_2_1 {\r\n            padding-left: 0;\r\n            padding-right: 0;\r\n        }\r\n\r\n        .bloques_child_2_1 .subbloque_child_2_1 .col-imagen .video iframe {\r\n            min-height: 400px;\r\n        }\r\n    }\r\n\r\n    @media (max-width:1250px) {\r\n        .bloques_child_2_1 .subbloque_child_2_1 .row {\r\n            gap: 0;\r\n        }\r\n\r\n        .services_child_2_1 .col-imagen {\r\n            flex-direction: column;\r\n            gap: 30px;\r\n        }\r\n\r\n        .services_child_2_1 .col-breadcrumbs {\r\n            padding-bottom: 25px;\r\n        }\r\n\r\n        .services_child_2_1 .col-imagen .left {\r\n            width: 100%;\r\n            position: relative;\r\n            top: inherit;\r\n            transform: none;\r\n        }\r\n\r\n        .services_child_2_1 .col-imagen .right {\r\n            max-width: 100%;\r\n            width: 100%;\r\n        }\r\n    }\r\n\r\n    @media (max-width:992px) {\r\n        .iconos_child_2_1 .col-iconos .icono-item {\r\n            width: calc(50% - 15px);\r\n        }\r\n\r\n        .services_child_2_1 .col-columnas .columna-item {\r\n            width: 100%;\r\n        }\r\n\r\n        .bloques_child_2_1 .subbloque_child_2_1 .row>.col {\r\n            width: 100%;\r\n        }\r\n\r\n        .bloques_child_2_1 .subbloque_child_2_1:nth-child(even) .row,\r\n        .bloques_child_2_1 .subbloque_child_2_1 .row {\r\n            flex-direction: column;\r\n            gap: 30px;\r\n        }\r\n\r\n        .services_child_2_1 .col-imagen .right {\r\n            padding-top: 0;\r\n        }\r\n\r\n        .services_child_2_1 .col-imagen .subtitulo {\r\n            padding-bottom: 30px;\r\n        }\r\n\r\n        .services_child_2_1 .col-imagen .texto {\r\n            padding-bottom: 35px;\r\n        }\r\n\r\n        .iconos_child_2_1,\r\n        .bloques_child_2_1 .subbloque_child_2_1,\r\n        .services_child_2_1 {\r\n            padding: 40px 0;\r\n        }\r\n\r\n        .services_child_2_1 .col-top {\r\n            margin-bottom: 0;\r\n        }\r\n    }\r\n\r\n    @media (max-width:768px) {\r\n        .bloques_child_2_1 .subbloque_child_2_1 .col-imagen .video iframe {\r\n            min-height: 310px;\r\n        }\r\n    }\r\n\r\n    @media (max-width:480px) {\r\n        .iconos_child_2_1 .col-iconos .icono-item {\r\n            width: 100%;\r\n        }\r\n    }\r\n<\/style>\r\n","protected":false},"excerpt":{"rendered":"","protected":false},"author":1,"featured_media":0,"parent":0,"menu_order":0,"comment_status":"open","ping_status":"closed","template":"","meta":{"_acf_changed":false,"iawp_total_views":0,"footnotes":""},"class_list":["post-1608","page","type-page","status-publish","hentry"],"acf":[],"yoast_head":"<!-- This site is optimized with the Yoast SEO plugin v27.4 - https:\/\/yoast.com\/product\/yoast-seo-wordpress\/ -->\n<title>Dise\u00f1o de Juegos - Manu Scythe<\/title>\n<meta name=\"description\" content=\"Explora las innovaciones y t\u00e9cnicas en el dise\u00f1o de juegos con Manu Scythe. Descubre enfoques \u00fanicos y creativos para desarrollar experiencias de juego inolvidables.\" \/>\n<meta name=\"robots\" content=\"index, follow, max-snippet:-1, max-image-preview:large, max-video-preview:-1\" \/>\n<link rel=\"canonical\" href=\"https:\/\/manuscythegamedesign.com\/en\/personalized-consulting\/\" \/>\n<meta property=\"og:locale\" content=\"en_US\" \/>\n<meta property=\"og:type\" content=\"article\" \/>\n<meta property=\"og:title\" content=\"Dise\u00f1o de Juegos - Manu Scythe\" \/>\n<meta property=\"og:description\" content=\"Explora las innovaciones y t\u00e9cnicas en el dise\u00f1o de juegos con Manu Scythe. Descubre enfoques \u00fanicos y creativos para desarrollar experiencias de juego inolvidables.\" \/>\n<meta property=\"og:url\" content=\"https:\/\/manuscythegamedesign.com\/en\/personalized-consulting\/\" \/>\n<meta property=\"og:site_name\" content=\"Manu Scythe Game Design\" \/>\n<meta property=\"article:modified_time\" content=\"2025-11-24T09:59:25+00:00\" \/>\n<meta name=\"twitter:card\" content=\"summary_large_image\" \/>\n<!-- \/ Yoast SEO plugin. -->","yoast_head_json":{"title":"Dise\u00f1o de Juegos - Manu Scythe","description":"Explora las innovaciones y t\u00e9cnicas en el dise\u00f1o de juegos con Manu Scythe. Descubre enfoques \u00fanicos y creativos para desarrollar experiencias de juego inolvidables.","robots":{"index":"index","follow":"follow","max-snippet":"max-snippet:-1","max-image-preview":"max-image-preview:large","max-video-preview":"max-video-preview:-1"},"canonical":"https:\/\/manuscythegamedesign.com\/en\/personalized-consulting\/","og_locale":"en_US","og_type":"article","og_title":"Dise\u00f1o de Juegos - Manu Scythe","og_description":"Explora las innovaciones y t\u00e9cnicas en el dise\u00f1o de juegos con Manu Scythe. Descubre enfoques \u00fanicos y creativos para desarrollar experiencias de juego inolvidables.","og_url":"https:\/\/manuscythegamedesign.com\/en\/personalized-consulting\/","og_site_name":"Manu Scythe Game Design","article_modified_time":"2025-11-24T09:59:25+00:00","twitter_card":"summary_large_image","schema":{"@context":"https:\/\/schema.org","@graph":[{"@type":"WebPage","@id":"https:\/\/manuscythegamedesign.com\/en\/personalized-consulting\/","url":"https:\/\/manuscythegamedesign.com\/en\/personalized-consulting\/","name":"Dise\u00f1o de Juegos - Manu Scythe","isPartOf":{"@id":"https:\/\/manuscythegamedesign.com\/en\/#website"},"datePublished":"2025-03-25T15:00:40+00:00","dateModified":"2025-11-24T09:59:25+00:00","description":"Explora las innovaciones y t\u00e9cnicas en el dise\u00f1o de juegos con Manu Scythe. Descubre enfoques \u00fanicos y creativos para desarrollar experiencias de juego inolvidables.","breadcrumb":{"@id":"https:\/\/manuscythegamedesign.com\/en\/personalized-consulting\/#breadcrumb"},"inLanguage":"en-US","potentialAction":[{"@type":"ReadAction","target":["https:\/\/manuscythegamedesign.com\/en\/personalized-consulting\/"]}]},{"@type":"BreadcrumbList","@id":"https:\/\/manuscythegamedesign.com\/en\/personalized-consulting\/#breadcrumb","itemListElement":[{"@type":"ListItem","position":1,"name":"Portada","item":"https:\/\/manuscythegamedesign.com\/en\/"},{"@type":"ListItem","position":2,"name":"Personalized consulting"}]},{"@type":"WebSite","@id":"https:\/\/manuscythegamedesign.com\/en\/#website","url":"https:\/\/manuscythegamedesign.com\/en\/","name":"Manu Scythe Game Design","description":"","potentialAction":[{"@type":"SearchAction","target":{"@type":"EntryPoint","urlTemplate":"https:\/\/manuscythegamedesign.com\/en\/?s={search_term_string}"},"query-input":{"@type":"PropertyValueSpecification","valueRequired":true,"valueName":"search_term_string"}}],"inLanguage":"en-US"}]}},"_links":{"self":[{"href":"https:\/\/manuscythegamedesign.com\/en\/wp-json\/wp\/v2\/pages\/1608","targetHints":{"allow":["GET"]}}],"collection":[{"href":"https:\/\/manuscythegamedesign.com\/en\/wp-json\/wp\/v2\/pages"}],"about":[{"href":"https:\/\/manuscythegamedesign.com\/en\/wp-json\/wp\/v2\/types\/page"}],"author":[{"embeddable":true,"href":"https:\/\/manuscythegamedesign.com\/en\/wp-json\/wp\/v2\/users\/1"}],"replies":[{"embeddable":true,"href":"https:\/\/manuscythegamedesign.com\/en\/wp-json\/wp\/v2\/comments?post=1608"}],"version-history":[{"count":24,"href":"https:\/\/manuscythegamedesign.com\/en\/wp-json\/wp\/v2\/pages\/1608\/revisions"}],"predecessor-version":[{"id":2608,"href":"https:\/\/manuscythegamedesign.com\/en\/wp-json\/wp\/v2\/pages\/1608\/revisions\/2608"}],"wp:attachment":[{"href":"https:\/\/manuscythegamedesign.com\/en\/wp-json\/wp\/v2\/media?parent=1608"}],"curies":[{"name":"wp","href":"https:\/\/api.w.org\/{rel}","templated":true}]}}