{"id":1609,"date":"2025-03-25T15:00:22","date_gmt":"2025-03-25T15:00:22","guid":{"rendered":"https:\/\/manuscythegamedesign.com\/produccion-de-videojuegos\/"},"modified":"2025-11-24T09:59:35","modified_gmt":"2025-11-24T09:59:35","slug":"video-game-production","status":"publish","type":"page","link":"https:\/\/manuscythegamedesign.com\/en\/video-game-production\/","title":{"rendered":"Video game production"},"content":{"rendered":"<section class=\"header_curvy1_30_1 background-1-light\" id=\"\" data-block-id=\"69e395084106769e3950841068\" data-block-name=\"acf\/header-curvy1-30-1\" data-post-id=\"1609\" data-stable-id=\"block_4d39501ecd665d0223bbf97bdc1d117f\">\r\n    <div class=\"container\">\r\n        <div class=\"row\">\r\n            <div class=\"col\">\r\n                                <div class=\"subtitulo tamano6-boldcta color-1-headings-dark\">Focus your resources on what is essential<\/div>\r\n                                <h1 class=\"tamano1 color-1-headings-dark\">Video game production<\/h1>\r\n            <\/div>\r\n        <\/div>\r\n    <\/div>\r\n<\/section>\r\n<style>\r\n    .header_curvy1_30_1 .col .subtitulo {\r\n        text-align: center;\r\n        padding-bottom: 25px;\r\n    }\r\n\r\n    .header_curvy1_30_1 .col h1 {\r\n        text-align: center;\r\n    }\r\n\r\n    .header_curvy1_30_1 .col {\r\n        max-width: 1230px;\r\n        margin: 0 auto;\r\n    }\r\n\r\n    .header_curvy1_30_1 {\r\n        padding: 200px 0 55px 0;\r\n    }\r\n\r\n    @media (max-width:1200px) {\r\n        .header_curvy1_30_1 {\r\n            padding: 120px 0 35px 0;\r\n        }\r\n    }\r\n\r\n    @media (max-width:768px) {\r\n        .header_curvy1_30_1 h1 {\r\n            line-height: var(--tamano3-line-height);\r\n        }\r\n\r\n        .header_curvy1_30_1 {\r\n            padding: 100px 0 40px;\r\n        }\r\n    }\r\n<\/style>\r\n<section class=\"services_child_2_1 background-1-light\" id=\"\" data-block-id=\"69e3950841d4069e3950841d41\" data-block-name=\"acf\/services-child-2-1\" data-post-id=\"1609\" data-stable-id=\"block_2ba701f2c60081578475a3b0cfce37f8\">\r\n    <div class=\"container\">\r\n        <div class=\"row\">\r\n            <div class=\"col col-top\" data-aos=\"fade-up\">\r\n                                                <h2 class=\"tamano2 color-1-headings-dark\">Make the difficult decisions necessary for the success of your project.<\/h2>\r\n                            <\/div>\r\n                    <\/div>\r\n    <\/div>\r\n<\/section>\r\n<section class=\"bloques_child_2_1 background-1-light\">\r\n        <div class=\"subbloque_child_2_1 \">\r\n        <div class=\"container\">\r\n            <div class=\"row\">\r\n                <div class=\"col col-imagen\" data-aos=\"fade-right\">\r\n                                                                <img decoding=\"async\" src=\"https:\/\/manuscythegamedesign.com\/wp-content\/uploads\/2025\/10\/3-1-Bullseye-e1760620236890.png\" title=\"3 1 Bullseye\" alt=\"\">\r\n                                                        <\/div>\r\n                <div class=\"col col-texto\" data-aos=\"fade-left\">\r\n                                        <h3 class=\"tamano3 color-1-headings-dark\">Invest your resources where they are truly needed<\/h3>\r\n                                                            <div class=\"texto tamano7 color-1-body-dark\"><p>The most important thing when it comes to finishing a game is to finish it.<\/p>\n<p>Seems silly, doesn&#8217;t it? Well, most teams fail because the production department couldn&#8217;t focus the resources correctly.<\/p>\n<p>Planning development, Managing resources, Motivating and Coordinating the team, and Knowing how to separate the essential from the non-essential will make the difference between a product that fails and one that succeeds.<\/p>\n<\/div>\r\n                                                            <a class=\"btn-round tamano-7-mediumcta color-boton-1-texto-normal color-boton-1-texto-hover color-boton-1-normal color-boton-1-hover\"\r\n                        href=\"https:\/\/manuscythegamedesign.com\/contacto\/\" target=\"\">Request help<\/a>\r\n                                    <\/div>\r\n            <\/div>\r\n        <\/div>\r\n    <\/div>\r\n    <\/div>\r\n        <div class=\"subbloque_child_2_1 \">\r\n        <div class=\"container\">\r\n            <div class=\"row\">\r\n                <div class=\"col col-imagen\" data-aos=\"fade-right\">\r\n                                                                <img decoding=\"async\" src=\"https:\/\/manuscythegamedesign.com\/wp-content\/uploads\/2025\/10\/3-Team-Working-B-e1760620276895.png\" title=\"3 Team Working B\" alt=\"\">\r\n                                                        <\/div>\r\n                <div class=\"col col-texto\" data-aos=\"fade-left\">\r\n                                        <h3 class=\"tamano3 color-1-headings-dark\">Plan your development<\/h3>\r\n                                                            <div class=\"texto tamano7 color-1-body-dark\"><p>Once you&#8217;re clear on what&#8217;s important, it&#8217;s time to design your production plan:<\/p>\n<p>Remember to decide and implement the methodology that best suits your team and their skills.<\/p>\n<p>Designate the objectives of each development stage: Pre-production, Production, and Post-production or Live Ops.<\/p>\n<p>Set the production schedule with delivery dates for your team.<\/p>\n<\/div>\r\n                                                            <a class=\"btn-round tamano-7-mediumcta color-boton-1-texto-normal color-boton-1-texto-hover color-boton-1-normal color-boton-1-hover\"\r\n                        href=\"https:\/\/manuscythegamedesign.com\/contacto\/\" target=\"\">Request Plan<\/a>\r\n                                    <\/div>\r\n            <\/div>\r\n        <\/div>\r\n    <\/div>\r\n    <\/div>\r\n        <div class=\"subbloque_child_2_1 \">\r\n        <div class=\"container\">\r\n            <div class=\"row\">\r\n                <div class=\"col col-imagen\" data-aos=\"fade-right\">\r\n                                                                <img decoding=\"async\" src=\"https:\/\/manuscythegamedesign.com\/wp-content\/uploads\/2025\/10\/3-2-LEader-e1760620204339.png\" title=\"3 2 LEader\" alt=\"\">\r\n                                                        <\/div>\r\n                <div class=\"col col-texto\" data-aos=\"fade-left\">\r\n                                        <h3 class=\"tamano3 color-1-headings-dark\">Are you looking for a producer for your team?<\/h3>\r\n                                                            <div class=\"texto tamano7 color-1-body-dark\"><p>Maybe you don&#8217;t know how to do all this, or simply don&#8217;t have the time to manage the day-to-day of a development team, but you are still determined to push a project or studio forward.<\/p>\n<p>In that case, the best thing you can do is rely on a professional. At MSGD, we have years of experience leading teams of 3 to 20 people and would be delighted to hear your project proposal.<\/p>\n<\/div>\r\n                                                            <a class=\"btn-round tamano-7-mediumcta color-boton-1-texto-normal color-boton-1-texto-hover color-boton-1-normal color-boton-1-hover\"\r\n                        href=\"https:\/\/manuscythegamedesign.com\/contacto\/\" target=\"\">I need a Producer for my team<\/a>\r\n                                    <\/div>\r\n            <\/div>\r\n        <\/div>\r\n    <\/div>\r\n    <\/div>\r\n    <\/section>\r\n<style>\r\n    .bloques_child_2_1,\r\n    .iconos_child_2_1,\r\n    .services_child_2_1 {\r\n        overflow-x: hidden;\r\n    }\r\n\r\n    .services_child_2_1 .col-columnas .columna-item .texto *:not(:last-child) {\r\n        padding-bottom: 20px;\r\n    }\r\n\r\n    .services_child_2_1 .col-columnas .columna-item .texto {\r\n        padding-bottom: 30px;\r\n    }\r\n\r\n    .services_child_2_1 .col-columnas .columna-item h3 {\r\n        padding-bottom: 25px;\r\n    }\r\n\r\n    .services_child_2_1 .col-columnas .columna-item {\r\n        width: calc(33% - 20px);\r\n    }\r\n\r\n    .bloques_child_2_1 .subbloque_child_2_1 .texto *:not(:last-child) {\r\n        padding-bottom: 20px;\r\n    }\r\n\r\n    .bloques_child_2_1 .subbloque_child_2_1 .texto {\r\n        padding-bottom: 35px;\r\n    }\r\n\r\n    .bloques_child_2_1 .subbloque_child_2_1 h3 {\r\n        padding-bottom: 25px;\r\n    }\r\n\r\n    .bloques_child_2_1 .subbloque_child_2_1 .row>.col {\r\n        width: 50%;\r\n    }\r\n\r\n    .bloques_child_2_1 .subbloque_child_2_1:nth-child(even) .row {\r\n        flex-direction: row-reverse;\r\n    }\r\n\r\n    .bloques_child_2_1 .subbloque_child_2_1 .row {\r\n        display: flex;\r\n        align-items: center;\r\n        gap: 150px;\r\n    }\r\n\r\n    .iconos_child_2_1,\r\n    .bloques_child_2_1 .subbloque_child_2_1 {\r\n        padding: 80px 150px;\r\n    }\r\n\r\n    .bloques_child_2_1 .subbloque_child_2_1 .col-imagen .video {\r\n        width: 100%;\r\n        height: 100%;\r\n        overflow: hidden;\r\n    }\r\n\r\n    .bloques_child_2_1 .subbloque_child_2_1 .col-imagen .video iframe {\r\n        width: 100%;\r\n        height: 100%;\r\n        border: none;\r\n        min-height: 600px;\r\n    }\r\n\r\n    .services_child_2_1 .col-columnas {\r\n        padding-left: 150px;\r\n        flex-wrap: wrap;\r\n        display: flex;\r\n        gap: 30px;\r\n    }\r\n\r\n    .services_child_2_1 .col-top {\r\n        margin-bottom: 65px;\r\n    }\r\n\r\n    .services_child_2_1 .col-top .subtitulo {\r\n        padding-bottom: 25px;\r\n    }\r\n\r\n    .services_child_2_1 {\r\n        padding: 80px 150px;\r\n    }\r\n\r\n    .subbloque_child_2_1 .btn-round,\r\n    .services_child_2_1 .btn-round {\r\n        border-radius: 60px;\r\n        padding: 12px 25px;\r\n        display: inline-block;\r\n        min-width: 175px;\r\n        text-align: center;\r\n        text-decoration: none;\r\n    }\r\n\r\n    .iconos_child_2_1 .col-titulo h3 {\r\n        text-align: center;\r\n    }\r\n\r\n    .iconos_child_2_1 .col-iconos .icono-item img {\r\n        max-width: 112px;\r\n        margin: 0 auto;\r\n    }\r\n\r\n    .iconos_child_2_1 .col-iconos .icono-item .titulo {\r\n        text-align: center;\r\n    }\r\n\r\n    .iconos_child_2_1 .col-iconos .icono-item {\r\n        display: flex;\r\n        flex-direction: column;\r\n        gap: 35px;\r\n        justify-content: center;\r\n        align-items: center;\r\n        width: calc(20% - 24px);\r\n    }\r\n\r\n    .iconos_child_2_1 .col-iconos {\r\n        display: flex;\r\n        align-items: flex-start;\r\n        flex-wrap: wrap;\r\n        gap: 30px;\r\n        justify-content: center;\r\n    }\r\n\r\n    .iconos_child_2_1 .col-titulo {\r\n        padding-bottom: 80px;\r\n    }\r\n\r\n    @media (max-width:1750px) {\r\n        .services_child_2_1 .col-columnas {\r\n            padding-left: 50px;\r\n        }\r\n\r\n        .iconos_child_2_1,\r\n        .bloques_child_2_1 .subbloque_child_2_1,\r\n        .services_child_2_1 {\r\n            padding-left: 50px;\r\n            padding-right: 50px;\r\n        }\r\n    }\r\n\r\n    @media (max-width:1550px) {\r\n        .bloques_child_2_1 .subbloque_child_2_1 .row {\r\n            gap: 75px;\r\n        }\r\n\r\n        .services_child_2_1 .col-columnas {\r\n            padding-left: 15px;\r\n        }\r\n\r\n        .iconos_child_2_1,\r\n        .bloques_child_2_1 .subbloque_child_2_1,\r\n        .services_child_2_1 {\r\n            padding-left: 0;\r\n            padding-right: 0;\r\n        }\r\n\r\n        .bloques_child_2_1 .subbloque_child_2_1 .col-imagen .video iframe {\r\n            min-height: 400px;\r\n        }\r\n    }\r\n\r\n    @media (max-width:1250px) {\r\n        .bloques_child_2_1 .subbloque_child_2_1 .row {\r\n            gap: 0;\r\n        }\r\n\r\n        .services_child_2_1 .col-imagen {\r\n            flex-direction: column;\r\n            gap: 30px;\r\n        }\r\n\r\n        .services_child_2_1 .col-breadcrumbs {\r\n            padding-bottom: 25px;\r\n        }\r\n\r\n        .services_child_2_1 .col-imagen .left {\r\n            width: 100%;\r\n            position: relative;\r\n            top: inherit;\r\n            transform: none;\r\n        }\r\n\r\n        .services_child_2_1 .col-imagen .right {\r\n            max-width: 100%;\r\n            width: 100%;\r\n        }\r\n    }\r\n\r\n    @media (max-width:992px) {\r\n        .iconos_child_2_1 .col-iconos .icono-item {\r\n            width: calc(50% - 15px);\r\n        }\r\n\r\n        .services_child_2_1 .col-columnas .columna-item {\r\n            width: 100%;\r\n        }\r\n\r\n        .bloques_child_2_1 .subbloque_child_2_1 .row>.col {\r\n            width: 100%;\r\n        }\r\n\r\n        .bloques_child_2_1 .subbloque_child_2_1:nth-child(even) .row,\r\n        .bloques_child_2_1 .subbloque_child_2_1 .row {\r\n            flex-direction: column;\r\n            gap: 30px;\r\n        }\r\n\r\n        .services_child_2_1 .col-imagen .right {\r\n            padding-top: 0;\r\n        }\r\n\r\n        .services_child_2_1 .col-imagen .subtitulo {\r\n            padding-bottom: 30px;\r\n        }\r\n\r\n        .services_child_2_1 .col-imagen .texto {\r\n            padding-bottom: 35px;\r\n        }\r\n\r\n        .iconos_child_2_1,\r\n        .bloques_child_2_1 .subbloque_child_2_1,\r\n        .services_child_2_1 {\r\n            padding: 40px 0;\r\n        }\r\n\r\n        .services_child_2_1 .col-top {\r\n            margin-bottom: 0;\r\n        }\r\n    }\r\n\r\n    @media (max-width:768px) {\r\n        .bloques_child_2_1 .subbloque_child_2_1 .col-imagen .video iframe {\r\n            min-height: 310px;\r\n        }\r\n    }\r\n\r\n    @media (max-width:480px) {\r\n        .iconos_child_2_1 .col-iconos .icono-item {\r\n            width: 100%;\r\n        }\r\n    }\r\n<\/style>\r\n","protected":false},"excerpt":{"rendered":"","protected":false},"author":1,"featured_media":0,"parent":0,"menu_order":0,"comment_status":"open","ping_status":"closed","template":"","meta":{"_acf_changed":false,"iawp_total_views":0,"footnotes":""},"class_list":["post-1609","page","type-page","status-publish","hentry"],"acf":[],"yoast_head":"<!-- This site is optimized with the Yoast SEO plugin v27.4 - https:\/\/yoast.com\/product\/yoast-seo-wordpress\/ -->\n<title>Descubre Lorem Ipsum en Manu Scythe Game Design<\/title>\n<meta name=\"description\" content=\"Sum\u00e9rgete en el dise\u00f1o de juegos con enfoque en &#039;Lorem Ipsum&#039;. Aprende sobre t\u00e9cnicas y estrategias esenciales para un dise\u00f1o efectivo.\" \/>\n<meta name=\"robots\" content=\"index, follow, max-snippet:-1, max-image-preview:large, max-video-preview:-1\" \/>\n<link rel=\"canonical\" href=\"https:\/\/manuscythegamedesign.com\/en\/video-game-production\/\" \/>\n<meta property=\"og:locale\" content=\"en_US\" \/>\n<meta property=\"og:type\" content=\"article\" \/>\n<meta property=\"og:title\" content=\"Descubre Lorem Ipsum en Manu Scythe Game Design\" \/>\n<meta property=\"og:description\" content=\"Sum\u00e9rgete en el dise\u00f1o de juegos con enfoque en &#039;Lorem Ipsum&#039;. Aprende sobre t\u00e9cnicas y estrategias esenciales para un dise\u00f1o efectivo.\" \/>\n<meta property=\"og:url\" content=\"https:\/\/manuscythegamedesign.com\/en\/video-game-production\/\" \/>\n<meta property=\"og:site_name\" content=\"Manu Scythe Game Design\" \/>\n<meta property=\"article:modified_time\" content=\"2025-11-24T09:59:35+00:00\" \/>\n<meta name=\"twitter:card\" content=\"summary_large_image\" \/>\n<!-- \/ Yoast SEO plugin. -->","yoast_head_json":{"title":"Descubre Lorem Ipsum en Manu Scythe Game Design","description":"Sum\u00e9rgete en el dise\u00f1o de juegos con enfoque en 'Lorem Ipsum'. Aprende sobre t\u00e9cnicas y estrategias esenciales para un dise\u00f1o efectivo.","robots":{"index":"index","follow":"follow","max-snippet":"max-snippet:-1","max-image-preview":"max-image-preview:large","max-video-preview":"max-video-preview:-1"},"canonical":"https:\/\/manuscythegamedesign.com\/en\/video-game-production\/","og_locale":"en_US","og_type":"article","og_title":"Descubre Lorem Ipsum en Manu Scythe Game Design","og_description":"Sum\u00e9rgete en el dise\u00f1o de juegos con enfoque en 'Lorem Ipsum'. Aprende sobre t\u00e9cnicas y estrategias esenciales para un dise\u00f1o efectivo.","og_url":"https:\/\/manuscythegamedesign.com\/en\/video-game-production\/","og_site_name":"Manu Scythe Game Design","article_modified_time":"2025-11-24T09:59:35+00:00","twitter_card":"summary_large_image","schema":{"@context":"https:\/\/schema.org","@graph":[{"@type":"WebPage","@id":"https:\/\/manuscythegamedesign.com\/en\/video-game-production\/","url":"https:\/\/manuscythegamedesign.com\/en\/video-game-production\/","name":"Descubre Lorem Ipsum en Manu Scythe Game Design","isPartOf":{"@id":"https:\/\/manuscythegamedesign.com\/en\/#website"},"datePublished":"2025-03-25T15:00:22+00:00","dateModified":"2025-11-24T09:59:35+00:00","description":"Sum\u00e9rgete en el dise\u00f1o de juegos con enfoque en 'Lorem Ipsum'. Aprende sobre t\u00e9cnicas y estrategias esenciales para un dise\u00f1o efectivo.","breadcrumb":{"@id":"https:\/\/manuscythegamedesign.com\/en\/video-game-production\/#breadcrumb"},"inLanguage":"en-US","potentialAction":[{"@type":"ReadAction","target":["https:\/\/manuscythegamedesign.com\/en\/video-game-production\/"]}]},{"@type":"BreadcrumbList","@id":"https:\/\/manuscythegamedesign.com\/en\/video-game-production\/#breadcrumb","itemListElement":[{"@type":"ListItem","position":1,"name":"Portada","item":"https:\/\/manuscythegamedesign.com\/en\/"},{"@type":"ListItem","position":2,"name":"Video game production"}]},{"@type":"WebSite","@id":"https:\/\/manuscythegamedesign.com\/en\/#website","url":"https:\/\/manuscythegamedesign.com\/en\/","name":"Manu Scythe Game Design","description":"","potentialAction":[{"@type":"SearchAction","target":{"@type":"EntryPoint","urlTemplate":"https:\/\/manuscythegamedesign.com\/en\/?s={search_term_string}"},"query-input":{"@type":"PropertyValueSpecification","valueRequired":true,"valueName":"search_term_string"}}],"inLanguage":"en-US"}]}},"_links":{"self":[{"href":"https:\/\/manuscythegamedesign.com\/en\/wp-json\/wp\/v2\/pages\/1609","targetHints":{"allow":["GET"]}}],"collection":[{"href":"https:\/\/manuscythegamedesign.com\/en\/wp-json\/wp\/v2\/pages"}],"about":[{"href":"https:\/\/manuscythegamedesign.com\/en\/wp-json\/wp\/v2\/types\/page"}],"author":[{"embeddable":true,"href":"https:\/\/manuscythegamedesign.com\/en\/wp-json\/wp\/v2\/users\/1"}],"replies":[{"embeddable":true,"href":"https:\/\/manuscythegamedesign.com\/en\/wp-json\/wp\/v2\/comments?post=1609"}],"version-history":[{"count":12,"href":"https:\/\/manuscythegamedesign.com\/en\/wp-json\/wp\/v2\/pages\/1609\/revisions"}],"predecessor-version":[{"id":2609,"href":"https:\/\/manuscythegamedesign.com\/en\/wp-json\/wp\/v2\/pages\/1609\/revisions\/2609"}],"wp:attachment":[{"href":"https:\/\/manuscythegamedesign.com\/en\/wp-json\/wp\/v2\/media?parent=1609"}],"curies":[{"name":"wp","href":"https:\/\/api.w.org\/{rel}","templated":true}]}}