{"id":1610,"date":"2025-03-25T14:59:40","date_gmt":"2025-03-25T14:59:40","guid":{"rendered":"https:\/\/manuscythegamedesign.com\/game-design\/"},"modified":"2025-11-24T09:59:46","modified_gmt":"2025-11-24T09:59:46","slug":"game-design","status":"publish","type":"page","link":"https:\/\/manuscythegamedesign.com\/en\/game-design\/","title":{"rendered":"Game Design"},"content":{"rendered":"<section class=\"header_curvy1_30_1 background-1-light\" id=\"\" data-block-id=\"69e3950070b0d69e3950070b0e\" data-block-name=\"acf\/header-curvy1-30-1\" data-post-id=\"1610\" data-stable-id=\"block_b4c9d6d852410bef0f0b1ef8e9b514fa\">\r\n    <div class=\"container\">\r\n        <div class=\"row\">\r\n            <div class=\"col\">\r\n                                <div class=\"subtitulo tamano6-boldcta color-1-headings-dark\">Enhance the essence of your game<\/div>\r\n                                <h1 class=\"tamano1 color-1-headings-dark\">Game Design<\/h1>\r\n            <\/div>\r\n        <\/div>\r\n    <\/div>\r\n<\/section>\r\n<style>\r\n    .header_curvy1_30_1 .col .subtitulo {\r\n        text-align: center;\r\n        padding-bottom: 25px;\r\n    }\r\n\r\n    .header_curvy1_30_1 .col h1 {\r\n        text-align: center;\r\n    }\r\n\r\n    .header_curvy1_30_1 .col {\r\n        max-width: 1230px;\r\n        margin: 0 auto;\r\n    }\r\n\r\n    .header_curvy1_30_1 {\r\n        padding: 200px 0 55px 0;\r\n    }\r\n\r\n    @media (max-width:1200px) {\r\n        .header_curvy1_30_1 {\r\n            padding: 120px 0 35px 0;\r\n        }\r\n    }\r\n\r\n    @media (max-width:768px) {\r\n        .header_curvy1_30_1 h1 {\r\n            line-height: var(--tamano3-line-height);\r\n        }\r\n\r\n        .header_curvy1_30_1 {\r\n            padding: 100px 0 40px;\r\n        }\r\n    }\r\n<\/style>\r\n<section class=\"services_child_2_1 background-1-light\" id=\"\" data-block-id=\"69e3950071ff269e3950071ff3\" data-block-name=\"acf\/services-child-2-1\" data-post-id=\"1610\" data-stable-id=\"block_72c56ade0e00a07cc6f4980b12363235\">\r\n    <div class=\"container\">\r\n        <div class=\"row\">\r\n            <div class=\"col col-top\" data-aos=\"fade-up\">\r\n                                                <h2 class=\"tamano2 color-1-headings-dark\">If your game is an engine, Game Designers design the parts.<\/h2>\r\n                            <\/div>\r\n                    <\/div>\r\n    <\/div>\r\n<\/section>\r\n<section class=\"bloques_child_2_1 background-1-light\">\r\n        <div class=\"subbloque_child_2_1 \">\r\n        <div class=\"container\">\r\n            <div class=\"row\">\r\n                <div class=\"col col-imagen\" data-aos=\"fade-right\">\r\n                                                                <img decoding=\"async\" src=\"https:\/\/manuscythegamedesign.com\/wp-content\/uploads\/2025\/10\/4-Game-DEsigner-e1760628487988.png\" title=\"Game Designer\" alt=\"\">\r\n                                                        <\/div>\r\n                <div class=\"col col-texto\" data-aos=\"fade-left\">\r\n                                        <h3 class=\"tamano3 color-1-headings-dark\">What does a Game Designer do?<\/h3>\r\n                                                            <div class=\"texto tamano7 color-1-body-dark\"><p>The Game Designer is in charge of what the player feels.<\/p>\n<p>To do this, they create a GDD, lay down solid Design Pillars, choose good Mechanics, and create an engaging Game Loop.<\/p>\n<p>Among many other things like Game Balance, Narrative Design, Level Design, Game Aesthetics, Progression Systems&#8230;<\/p>\n<p>And a myriad of other things. All to keep the player in the coveted state of &#8216;Flow&#8217;.<\/p>\n<p>And all this while being able to collaborate with your team by documenting everything and respecting the Vision during development.<\/p>\n<p>If you have a solid technical team, a powerful art department, but this all sounds foreign to you&#8230;<\/p>\n<p>Congratulations: you probably need to involve a Game Designer in your project.<\/p>\n<\/div>\r\n                                                        <\/div>\r\n            <\/div>\r\n        <\/div>\r\n    <\/div>\r\n    <\/div>\r\n        <div class=\"subbloque_child_2_1 \">\r\n        <div class=\"container\">\r\n            <div class=\"row\">\r\n                <div class=\"col col-imagen\" data-aos=\"fade-right\">\r\n                                                                <img decoding=\"async\" src=\"https:\/\/manuscythegamedesign.com\/wp-content\/uploads\/2025\/10\/4-Game-Design-B-1-e1760631313699.png\" title=\"4 Game Design B\" alt=\"\">\r\n                                                        <\/div>\r\n                <div class=\"col col-texto\" data-aos=\"fade-left\">\r\n                                        <h3 class=\"tamano3 color-1-headings-dark\">Game Feel<\/h3>\r\n                                                            <div class=\"texto tamano7 color-1-body-dark\"><p>Do you recognize this feeling? You press the controller, look at the screen, and in just a few seconds, you start feeling the magic: it&#8217;s THAT game.<\/p>\n<p>Possibly that design comes accompanied by a good Game Feel.<\/p>\n<p>But good game design not only makes the experience fun or addictive: it makes it memorable, creating unique sensations that can remain in players&#8217; memories for decades.<\/p>\n<p>There are countless concepts and disciplines to master to achieve it, but undoubtedly the most important is to captivate the player with a good gameplay promise and be able to materialize it minute by minute during the game.<\/p>\n<p>For this, the tandem role of the Level Designer is essential.<\/p>\n<\/div>\r\n                                                        <\/div>\r\n            <\/div>\r\n        <\/div>\r\n    <\/div>\r\n    <\/div>\r\n        <div class=\"subbloque_child_2_1 \">\r\n        <div class=\"container\">\r\n            <div class=\"row\">\r\n                <div class=\"col col-imagen\" data-aos=\"fade-right\">\r\n                                                                <img decoding=\"async\" src=\"https:\/\/manuscythegamedesign.com\/wp-content\/uploads\/2025\/10\/3-Elements-of-Game-Design-and-music-e1760630911938.png\" title=\"3 Elements of Game Design (and music)\" alt=\"\">\r\n                                                        <\/div>\r\n                <div class=\"col col-texto\" data-aos=\"fade-left\">\r\n                                        <h3 class=\"tamano3 color-1-headings-dark\">The importance of Game Design<\/h3>\r\n                                                            <div class=\"texto tamano7 color-1-body-dark\"><p>Have you ever wondered why that game, artistically flawless, doesn&#8217;t end up hooking you?<\/p>\n<p>Whether it&#8217;s an empty story or characters, flat levels, or a gameplay proposal that doesn&#8217;t stand out&#8230; it probably lacks one of the fundamental pillars of Game Design.<\/p>\n<p>In large teams, the designer might have the leadership of a Game Director, responsible for establishing and maintaining the product&#8217;s vision.<\/p>\n<p>Thanks to this role, it is possible to ensure that the different areas of the work not only coexist but create synergies that elevate it and make it resonate as a whole much greater than its parts.<\/p>\n<\/div>\r\n                                                        <\/div>\r\n            <\/div>\r\n        <\/div>\r\n    <\/div>\r\n    <\/div>\r\n    <\/section>\r\n<style>\r\n    .bloques_child_2_1,\r\n    .iconos_child_2_1,\r\n    .services_child_2_1 {\r\n        overflow-x: hidden;\r\n    }\r\n\r\n    .services_child_2_1 .col-columnas .columna-item .texto *:not(:last-child) {\r\n        padding-bottom: 20px;\r\n    }\r\n\r\n    .services_child_2_1 .col-columnas .columna-item .texto {\r\n        padding-bottom: 30px;\r\n    }\r\n\r\n    .services_child_2_1 .col-columnas .columna-item h3 {\r\n        padding-bottom: 25px;\r\n    }\r\n\r\n    .services_child_2_1 .col-columnas .columna-item {\r\n        width: calc(33% - 20px);\r\n    }\r\n\r\n    .bloques_child_2_1 .subbloque_child_2_1 .texto *:not(:last-child) {\r\n        padding-bottom: 20px;\r\n    }\r\n\r\n    .bloques_child_2_1 .subbloque_child_2_1 .texto {\r\n        padding-bottom: 35px;\r\n    }\r\n\r\n    .bloques_child_2_1 .subbloque_child_2_1 h3 {\r\n        padding-bottom: 25px;\r\n    }\r\n\r\n    .bloques_child_2_1 .subbloque_child_2_1 .row>.col {\r\n        width: 50%;\r\n    }\r\n\r\n    .bloques_child_2_1 .subbloque_child_2_1:nth-child(even) .row {\r\n        flex-direction: row-reverse;\r\n    }\r\n\r\n    .bloques_child_2_1 .subbloque_child_2_1 .row {\r\n        display: flex;\r\n        align-items: center;\r\n        gap: 150px;\r\n    }\r\n\r\n    .iconos_child_2_1,\r\n    .bloques_child_2_1 .subbloque_child_2_1 {\r\n        padding: 80px 150px;\r\n    }\r\n\r\n    .bloques_child_2_1 .subbloque_child_2_1 .col-imagen .video {\r\n        width: 100%;\r\n        height: 100%;\r\n        overflow: hidden;\r\n    }\r\n\r\n    .bloques_child_2_1 .subbloque_child_2_1 .col-imagen .video iframe {\r\n        width: 100%;\r\n        height: 100%;\r\n        border: none;\r\n        min-height: 600px;\r\n    }\r\n\r\n    .services_child_2_1 .col-columnas {\r\n        padding-left: 150px;\r\n        flex-wrap: wrap;\r\n        display: flex;\r\n        gap: 30px;\r\n    }\r\n\r\n    .services_child_2_1 .col-top {\r\n        margin-bottom: 65px;\r\n    }\r\n\r\n    .services_child_2_1 .col-top .subtitulo {\r\n        padding-bottom: 25px;\r\n    }\r\n\r\n    .services_child_2_1 {\r\n        padding: 80px 150px;\r\n    }\r\n\r\n    .subbloque_child_2_1 .btn-round,\r\n    .services_child_2_1 .btn-round {\r\n        border-radius: 60px;\r\n        padding: 12px 25px;\r\n        display: inline-block;\r\n        min-width: 175px;\r\n        text-align: center;\r\n        text-decoration: none;\r\n    }\r\n\r\n    .iconos_child_2_1 .col-titulo h3 {\r\n        text-align: center;\r\n    }\r\n\r\n    .iconos_child_2_1 .col-iconos .icono-item img {\r\n        max-width: 112px;\r\n        margin: 0 auto;\r\n    }\r\n\r\n    .iconos_child_2_1 .col-iconos .icono-item .titulo {\r\n        text-align: center;\r\n    }\r\n\r\n    .iconos_child_2_1 .col-iconos .icono-item {\r\n        display: flex;\r\n        flex-direction: column;\r\n        gap: 35px;\r\n        justify-content: center;\r\n        align-items: center;\r\n        width: calc(20% - 24px);\r\n    }\r\n\r\n    .iconos_child_2_1 .col-iconos {\r\n        display: flex;\r\n        align-items: flex-start;\r\n        flex-wrap: wrap;\r\n        gap: 30px;\r\n        justify-content: center;\r\n    }\r\n\r\n    .iconos_child_2_1 .col-titulo {\r\n        padding-bottom: 80px;\r\n    }\r\n\r\n    @media (max-width:1750px) {\r\n        .services_child_2_1 .col-columnas {\r\n            padding-left: 50px;\r\n        }\r\n\r\n        .iconos_child_2_1,\r\n        .bloques_child_2_1 .subbloque_child_2_1,\r\n        .services_child_2_1 {\r\n            padding-left: 50px;\r\n            padding-right: 50px;\r\n        }\r\n    }\r\n\r\n    @media (max-width:1550px) {\r\n        .bloques_child_2_1 .subbloque_child_2_1 .row {\r\n            gap: 75px;\r\n        }\r\n\r\n        .services_child_2_1 .col-columnas {\r\n            padding-left: 15px;\r\n        }\r\n\r\n        .iconos_child_2_1,\r\n        .bloques_child_2_1 .subbloque_child_2_1,\r\n        .services_child_2_1 {\r\n            padding-left: 0;\r\n            padding-right: 0;\r\n        }\r\n\r\n        .bloques_child_2_1 .subbloque_child_2_1 .col-imagen .video iframe {\r\n            min-height: 400px;\r\n        }\r\n    }\r\n\r\n    @media (max-width:1250px) {\r\n        .bloques_child_2_1 .subbloque_child_2_1 .row {\r\n            gap: 0;\r\n        }\r\n\r\n        .services_child_2_1 .col-imagen {\r\n            flex-direction: column;\r\n            gap: 30px;\r\n        }\r\n\r\n        .services_child_2_1 .col-breadcrumbs {\r\n            padding-bottom: 25px;\r\n        }\r\n\r\n        .services_child_2_1 .col-imagen .left {\r\n            width: 100%;\r\n            position: relative;\r\n            top: inherit;\r\n            transform: none;\r\n        }\r\n\r\n        .services_child_2_1 .col-imagen .right {\r\n            max-width: 100%;\r\n            width: 100%;\r\n        }\r\n    }\r\n\r\n    @media (max-width:992px) {\r\n        .iconos_child_2_1 .col-iconos .icono-item {\r\n            width: calc(50% - 15px);\r\n        }\r\n\r\n        .services_child_2_1 .col-columnas .columna-item {\r\n            width: 100%;\r\n        }\r\n\r\n        .bloques_child_2_1 .subbloque_child_2_1 .row>.col {\r\n            width: 100%;\r\n        }\r\n\r\n        .bloques_child_2_1 .subbloque_child_2_1:nth-child(even) .row,\r\n        .bloques_child_2_1 .subbloque_child_2_1 .row {\r\n            flex-direction: column;\r\n            gap: 30px;\r\n        }\r\n\r\n        .services_child_2_1 .col-imagen .right {\r\n            padding-top: 0;\r\n        }\r\n\r\n        .services_child_2_1 .col-imagen .subtitulo {\r\n            padding-bottom: 30px;\r\n        }\r\n\r\n        .services_child_2_1 .col-imagen .texto {\r\n            padding-bottom: 35px;\r\n        }\r\n\r\n        .iconos_child_2_1,\r\n        .bloques_child_2_1 .subbloque_child_2_1,\r\n        .services_child_2_1 {\r\n            padding: 40px 0;\r\n        }\r\n\r\n        .services_child_2_1 .col-top {\r\n            margin-bottom: 0;\r\n        }\r\n    }\r\n\r\n    @media (max-width:768px) {\r\n        .bloques_child_2_1 .subbloque_child_2_1 .col-imagen .video iframe {\r\n            min-height: 310px;\r\n        }\r\n    }\r\n\r\n    @media (max-width:480px) {\r\n        .iconos_child_2_1 .col-iconos .icono-item {\r\n            width: 100%;\r\n        }\r\n    }\r\n<\/style>\r\n","protected":false},"excerpt":{"rendered":"","protected":false},"author":1,"featured_media":0,"parent":0,"menu_order":0,"comment_status":"open","ping_status":"closed","template":"","meta":{"_acf_changed":false,"iawp_total_views":0,"footnotes":""},"class_list":["post-1610","page","type-page","status-publish","hentry"],"acf":[],"yoast_head":"<!-- This site is optimized with the Yoast SEO plugin v27.4 - https:\/\/yoast.com\/product\/yoast-seo-wordpress\/ -->\n<title>Dise\u00f1o de juegos en Manu Scythe<\/title>\n<meta name=\"description\" content=\"Explora conceptos innovadores de dise\u00f1o de juegos con Manu Scythe. Descubre c\u00f3mo llevar tus ideas de juego al siguiente nivel y maximizar su impacto.\" \/>\n<meta name=\"robots\" content=\"index, follow, max-snippet:-1, max-image-preview:large, max-video-preview:-1\" \/>\n<link rel=\"canonical\" href=\"https:\/\/manuscythegamedesign.com\/en\/game-design\/\" \/>\n<meta property=\"og:locale\" content=\"en_US\" \/>\n<meta property=\"og:type\" content=\"article\" \/>\n<meta property=\"og:title\" content=\"Dise\u00f1o de juegos en Manu Scythe\" \/>\n<meta property=\"og:description\" content=\"Explora conceptos innovadores de dise\u00f1o de juegos con Manu Scythe. Descubre c\u00f3mo llevar tus ideas de juego al siguiente nivel y maximizar su impacto.\" \/>\n<meta property=\"og:url\" content=\"https:\/\/manuscythegamedesign.com\/en\/game-design\/\" \/>\n<meta property=\"og:site_name\" content=\"Manu Scythe Game Design\" \/>\n<meta property=\"article:modified_time\" content=\"2025-11-24T09:59:46+00:00\" \/>\n<meta name=\"twitter:card\" content=\"summary_large_image\" \/>\n<!-- \/ Yoast SEO plugin. -->","yoast_head_json":{"title":"Dise\u00f1o de juegos en Manu Scythe","description":"Explora conceptos innovadores de dise\u00f1o de juegos con Manu Scythe. Descubre c\u00f3mo llevar tus ideas de juego al siguiente nivel y maximizar su impacto.","robots":{"index":"index","follow":"follow","max-snippet":"max-snippet:-1","max-image-preview":"max-image-preview:large","max-video-preview":"max-video-preview:-1"},"canonical":"https:\/\/manuscythegamedesign.com\/en\/game-design\/","og_locale":"en_US","og_type":"article","og_title":"Dise\u00f1o de juegos en Manu Scythe","og_description":"Explora conceptos innovadores de dise\u00f1o de juegos con Manu Scythe. Descubre c\u00f3mo llevar tus ideas de juego al siguiente nivel y maximizar su impacto.","og_url":"https:\/\/manuscythegamedesign.com\/en\/game-design\/","og_site_name":"Manu Scythe Game Design","article_modified_time":"2025-11-24T09:59:46+00:00","twitter_card":"summary_large_image","schema":{"@context":"https:\/\/schema.org","@graph":[{"@type":"WebPage","@id":"https:\/\/manuscythegamedesign.com\/en\/game-design\/","url":"https:\/\/manuscythegamedesign.com\/en\/game-design\/","name":"Dise\u00f1o de juegos en Manu Scythe","isPartOf":{"@id":"https:\/\/manuscythegamedesign.com\/en\/#website"},"datePublished":"2025-03-25T14:59:40+00:00","dateModified":"2025-11-24T09:59:46+00:00","description":"Explora conceptos innovadores de dise\u00f1o de juegos con Manu Scythe. Descubre c\u00f3mo llevar tus ideas de juego al siguiente nivel y maximizar su impacto.","breadcrumb":{"@id":"https:\/\/manuscythegamedesign.com\/en\/game-design\/#breadcrumb"},"inLanguage":"en-US","potentialAction":[{"@type":"ReadAction","target":["https:\/\/manuscythegamedesign.com\/en\/game-design\/"]}]},{"@type":"BreadcrumbList","@id":"https:\/\/manuscythegamedesign.com\/en\/game-design\/#breadcrumb","itemListElement":[{"@type":"ListItem","position":1,"name":"Portada","item":"https:\/\/manuscythegamedesign.com\/en\/"},{"@type":"ListItem","position":2,"name":"Game Design"}]},{"@type":"WebSite","@id":"https:\/\/manuscythegamedesign.com\/en\/#website","url":"https:\/\/manuscythegamedesign.com\/en\/","name":"Manu Scythe Game Design","description":"","potentialAction":[{"@type":"SearchAction","target":{"@type":"EntryPoint","urlTemplate":"https:\/\/manuscythegamedesign.com\/en\/?s={search_term_string}"},"query-input":{"@type":"PropertyValueSpecification","valueRequired":true,"valueName":"search_term_string"}}],"inLanguage":"en-US"}]}},"_links":{"self":[{"href":"https:\/\/manuscythegamedesign.com\/en\/wp-json\/wp\/v2\/pages\/1610","targetHints":{"allow":["GET"]}}],"collection":[{"href":"https:\/\/manuscythegamedesign.com\/en\/wp-json\/wp\/v2\/pages"}],"about":[{"href":"https:\/\/manuscythegamedesign.com\/en\/wp-json\/wp\/v2\/types\/page"}],"author":[{"embeddable":true,"href":"https:\/\/manuscythegamedesign.com\/en\/wp-json\/wp\/v2\/users\/1"}],"replies":[{"embeddable":true,"href":"https:\/\/manuscythegamedesign.com\/en\/wp-json\/wp\/v2\/comments?post=1610"}],"version-history":[{"count":21,"href":"https:\/\/manuscythegamedesign.com\/en\/wp-json\/wp\/v2\/pages\/1610\/revisions"}],"predecessor-version":[{"id":2610,"href":"https:\/\/manuscythegamedesign.com\/en\/wp-json\/wp\/v2\/pages\/1610\/revisions\/2610"}],"wp:attachment":[{"href":"https:\/\/manuscythegamedesign.com\/en\/wp-json\/wp\/v2\/media?parent=1610"}],"curies":[{"name":"wp","href":"https:\/\/api.w.org\/{rel}","templated":true}]}}