{"id":1611,"date":"2025-03-25T14:59:25","date_gmt":"2025-03-25T14:59:25","guid":{"rendered":"https:\/\/manuscythegamedesign.com\/level-design\/"},"modified":"2025-11-24T09:59:56","modified_gmt":"2025-11-24T09:59:56","slug":"level-design","status":"publish","type":"page","link":"https:\/\/manuscythegamedesign.com\/en\/level-design\/","title":{"rendered":"Level Design"},"content":{"rendered":"<section class=\"header_curvy1_30_1 background-1-light\" id=\"\" data-block-id=\"69e3970f84aee69e3970f84aef\" data-block-name=\"acf\/header-curvy1-30-1\" data-post-id=\"1611\" data-stable-id=\"block_0fe03a1107172341947c0dda6041deed\">\r\n    <div class=\"container\">\r\n        <div class=\"row\">\r\n            <div class=\"col\">\r\n                                <div class=\"subtitulo tamano6-boldcta color-1-headings-dark\">The moment-to-moment of a video game<\/div>\r\n                                <h1 class=\"tamano1 color-1-headings-dark\">Level Design<\/h1>\r\n            <\/div>\r\n        <\/div>\r\n    <\/div>\r\n<\/section>\r\n<style>\r\n    .header_curvy1_30_1 .col .subtitulo {\r\n        text-align: center;\r\n        padding-bottom: 25px;\r\n    }\r\n\r\n    .header_curvy1_30_1 .col h1 {\r\n        text-align: center;\r\n    }\r\n\r\n    .header_curvy1_30_1 .col {\r\n        max-width: 1230px;\r\n        margin: 0 auto;\r\n    }\r\n\r\n    .header_curvy1_30_1 {\r\n        padding: 200px 0 55px 0;\r\n    }\r\n\r\n    @media (max-width:1200px) {\r\n        .header_curvy1_30_1 {\r\n            padding: 120px 0 35px 0;\r\n        }\r\n    }\r\n\r\n    @media (max-width:768px) {\r\n        .header_curvy1_30_1 h1 {\r\n            line-height: var(--tamano3-line-height);\r\n        }\r\n\r\n        .header_curvy1_30_1 {\r\n            padding: 100px 0 40px;\r\n        }\r\n    }\r\n<\/style>\r\n<section class=\"services_child_2_1 background-1-light\" id=\"\" data-block-id=\"69e3970f8596969e3970f8596a\" data-block-name=\"acf\/services-child-2-1\" data-post-id=\"1611\" data-stable-id=\"block_fbcc4a44d28c2bb8fc4a24befa18bec4\">\r\n    <div class=\"container\">\r\n        <div class=\"row\">\r\n            <div class=\"col col-top\" data-aos=\"fade-up\">\r\n                                                <h2 class=\"tamano2 color-1-headings-dark\">Do you already have the obstacles? Now it&#8217;s time to create an engaging circuit.<\/h2>\r\n                            <\/div>\r\n                    <\/div>\r\n    <\/div>\r\n<\/section>\r\n<section class=\"bloques_child_2_1 background-1-light\">\r\n        <div class=\"subbloque_child_2_1 \">\r\n        <div class=\"container\">\r\n            <div class=\"row\">\r\n                <div class=\"col col-imagen\" data-aos=\"fade-right\">\r\n                                                                <img decoding=\"async\" src=\"https:\/\/manuscythegamedesign.com\/wp-content\/uploads\/2025\/10\/Level-Design-3C-e1760636349655.jpg\" title=\"Level Design types\" alt=\"Level Design types\">\r\n                                                        <\/div>\r\n                <div class=\"col col-texto\" data-aos=\"fade-left\">\r\n                                        <h3 class=\"tamano3 color-1-headings-dark\">The Types of Level Designers<\/h3>\r\n                                                            <div class=\"texto tamano7 color-1-body-dark\"><p>Depending on your game, you&#8217;ll likely need a more artistic or more mechanical Level Designer:<\/p>\n<p>Designing levels for a resource management game on a UI is not the same as for an immersive 3D horror adventure in virtual reality.<\/p>\n<p>In the first case, you&#8217;ll need a Level Designer specialized in puzzles, strategy, and balancing, whereas in your 3D horror game, you&#8217;ll need a designer skilled in lighting and narrative pacing in 3D environments.<\/p>\n<p>Or perhaps you&#8217;ll combine both experiences and need a more versatile designer capable of handling both types of projects.<\/p>\n<p>Tell us what type of designer you&#8217;re looking for, and we&#8217;ll help you find them.<\/p>\n<\/div>\r\n                                                            <a class=\"btn-round tamano-7-mediumcta color-boton-1-texto-normal color-boton-1-texto-hover color-boton-1-normal color-boton-1-hover\"\r\n                        href=\"https:\/\/manuscythegamedesign.com\/contacto\/\" target=\"\">I need a Level Designer<\/a>\r\n                                    <\/div>\r\n            <\/div>\r\n        <\/div>\r\n    <\/div>\r\n    <\/div>\r\n        <div class=\"subbloque_child_2_1 \">\r\n        <div class=\"container\">\r\n            <div class=\"row\">\r\n                <div class=\"col col-imagen\" data-aos=\"fade-right\">\r\n                                                                <img decoding=\"async\" src=\"https:\/\/manuscythegamedesign.com\/wp-content\/uploads\/2025\/10\/5-Level-DEsign-e1760633061517.png\" title=\"Level Design\" alt=\"Level Design\">\r\n                                                        <\/div>\r\n                <div class=\"col col-texto\" data-aos=\"fade-left\">\r\n                                        <h3 class=\"tamano3 color-1-headings-dark\">Why Level Design is so important<\/h3>\r\n                                                            <div class=\"texto tamano7 color-1-body-dark\"><p>Imagine you already have your mechanics, your complete GDD, and everything is programmed. Now all that&#8217;s left is to create the levels, and anyone can do that, right?<\/p>\n<p>POV: People don&#8217;t get past the first screen, or they get bored on the second&#8230; and quit on the third&#8230; And that&#8217;s assuming your game isn&#8217;t Free to Play and they uninstall it during the tutorial.<\/p>\n<p>But what happened?<\/p>\n<p>Indeed, it&#8217;s not as easy as you thought: Each moment must be meticulously measured to provide the right challenge without overwhelming the player.<\/p>\n<p>If this situation sounds familiar, it&#8217;s most likely you need a Level Designer who can captivate the player and keep them engaged.<\/p>\n<\/div>\r\n                                                            <a class=\"btn-round tamano-7-mediumcta color-boton-1-texto-normal color-boton-1-texto-hover color-boton-1-normal color-boton-1-hover\"\r\n                        href=\"https:\/\/manuscythegamedesign.com\/contacto\/\" target=\"\">I definitely need a Level Designer<\/a>\r\n                                    <\/div>\r\n            <\/div>\r\n        <\/div>\r\n    <\/div>\r\n    <\/div>\r\n    <\/section>\r\n<style>\r\n    .bloques_child_2_1,\r\n    .iconos_child_2_1,\r\n    .services_child_2_1 {\r\n        overflow-x: hidden;\r\n    }\r\n\r\n    .services_child_2_1 .col-columnas .columna-item .texto *:not(:last-child) {\r\n        padding-bottom: 20px;\r\n    }\r\n\r\n    .services_child_2_1 .col-columnas .columna-item .texto {\r\n        padding-bottom: 30px;\r\n    }\r\n\r\n    .services_child_2_1 .col-columnas .columna-item h3 {\r\n        padding-bottom: 25px;\r\n    }\r\n\r\n    .services_child_2_1 .col-columnas .columna-item {\r\n        width: calc(33% - 20px);\r\n    }\r\n\r\n    .bloques_child_2_1 .subbloque_child_2_1 .texto *:not(:last-child) {\r\n        padding-bottom: 20px;\r\n    }\r\n\r\n    .bloques_child_2_1 .subbloque_child_2_1 .texto {\r\n        padding-bottom: 35px;\r\n    }\r\n\r\n    .bloques_child_2_1 .subbloque_child_2_1 h3 {\r\n        padding-bottom: 25px;\r\n    }\r\n\r\n    .bloques_child_2_1 .subbloque_child_2_1 .row>.col {\r\n        width: 50%;\r\n    }\r\n\r\n    .bloques_child_2_1 .subbloque_child_2_1:nth-child(even) .row {\r\n        flex-direction: row-reverse;\r\n    }\r\n\r\n    .bloques_child_2_1 .subbloque_child_2_1 .row {\r\n        display: flex;\r\n        align-items: center;\r\n        gap: 150px;\r\n    }\r\n\r\n    .iconos_child_2_1,\r\n    .bloques_child_2_1 .subbloque_child_2_1 {\r\n        padding: 80px 150px;\r\n    }\r\n\r\n    .bloques_child_2_1 .subbloque_child_2_1 .col-imagen .video {\r\n        width: 100%;\r\n        height: 100%;\r\n        overflow: hidden;\r\n    }\r\n\r\n    .bloques_child_2_1 .subbloque_child_2_1 .col-imagen .video iframe {\r\n        width: 100%;\r\n        height: 100%;\r\n        border: none;\r\n        min-height: 600px;\r\n    }\r\n\r\n    .services_child_2_1 .col-columnas {\r\n        padding-left: 150px;\r\n        flex-wrap: wrap;\r\n        display: flex;\r\n        gap: 30px;\r\n    }\r\n\r\n    .services_child_2_1 .col-top {\r\n        margin-bottom: 65px;\r\n    }\r\n\r\n    .services_child_2_1 .col-top .subtitulo {\r\n        padding-bottom: 25px;\r\n    }\r\n\r\n    .services_child_2_1 {\r\n        padding: 80px 150px;\r\n    }\r\n\r\n    .subbloque_child_2_1 .btn-round,\r\n    .services_child_2_1 .btn-round {\r\n        border-radius: 60px;\r\n        padding: 12px 25px;\r\n        display: inline-block;\r\n        min-width: 175px;\r\n        text-align: center;\r\n        text-decoration: none;\r\n    }\r\n\r\n    .iconos_child_2_1 .col-titulo h3 {\r\n        text-align: center;\r\n    }\r\n\r\n    .iconos_child_2_1 .col-iconos .icono-item img {\r\n        max-width: 112px;\r\n        margin: 0 auto;\r\n    }\r\n\r\n    .iconos_child_2_1 .col-iconos .icono-item .titulo {\r\n        text-align: center;\r\n    }\r\n\r\n    .iconos_child_2_1 .col-iconos .icono-item {\r\n        display: flex;\r\n        flex-direction: column;\r\n        gap: 35px;\r\n        justify-content: center;\r\n        align-items: center;\r\n        width: calc(20% - 24px);\r\n    }\r\n\r\n    .iconos_child_2_1 .col-iconos {\r\n        display: flex;\r\n        align-items: flex-start;\r\n        flex-wrap: wrap;\r\n        gap: 30px;\r\n        justify-content: center;\r\n    }\r\n\r\n    .iconos_child_2_1 .col-titulo {\r\n        padding-bottom: 80px;\r\n    }\r\n\r\n    @media (max-width:1750px) {\r\n        .services_child_2_1 .col-columnas {\r\n            padding-left: 50px;\r\n        }\r\n\r\n        .iconos_child_2_1,\r\n        .bloques_child_2_1 .subbloque_child_2_1,\r\n        .services_child_2_1 {\r\n            padding-left: 50px;\r\n            padding-right: 50px;\r\n        }\r\n    }\r\n\r\n    @media (max-width:1550px) {\r\n        .bloques_child_2_1 .subbloque_child_2_1 .row {\r\n            gap: 75px;\r\n        }\r\n\r\n        .services_child_2_1 .col-columnas {\r\n            padding-left: 15px;\r\n        }\r\n\r\n        .iconos_child_2_1,\r\n        .bloques_child_2_1 .subbloque_child_2_1,\r\n        .services_child_2_1 {\r\n            padding-left: 0;\r\n            padding-right: 0;\r\n        }\r\n\r\n        .bloques_child_2_1 .subbloque_child_2_1 .col-imagen .video iframe {\r\n            min-height: 400px;\r\n        }\r\n    }\r\n\r\n    @media (max-width:1250px) {\r\n        .bloques_child_2_1 .subbloque_child_2_1 .row {\r\n            gap: 0;\r\n        }\r\n\r\n        .services_child_2_1 .col-imagen {\r\n            flex-direction: column;\r\n            gap: 30px;\r\n        }\r\n\r\n        .services_child_2_1 .col-breadcrumbs {\r\n            padding-bottom: 25px;\r\n        }\r\n\r\n        .services_child_2_1 .col-imagen .left {\r\n            width: 100%;\r\n            position: relative;\r\n            top: inherit;\r\n            transform: none;\r\n        }\r\n\r\n        .services_child_2_1 .col-imagen .right {\r\n            max-width: 100%;\r\n            width: 100%;\r\n        }\r\n    }\r\n\r\n    @media (max-width:992px) {\r\n        .iconos_child_2_1 .col-iconos .icono-item {\r\n            width: calc(50% - 15px);\r\n        }\r\n\r\n        .services_child_2_1 .col-columnas .columna-item {\r\n            width: 100%;\r\n        }\r\n\r\n        .bloques_child_2_1 .subbloque_child_2_1 .row>.col {\r\n            width: 100%;\r\n        }\r\n\r\n        .bloques_child_2_1 .subbloque_child_2_1:nth-child(even) .row,\r\n        .bloques_child_2_1 .subbloque_child_2_1 .row {\r\n            flex-direction: column;\r\n            gap: 30px;\r\n        }\r\n\r\n        .services_child_2_1 .col-imagen .right {\r\n            padding-top: 0;\r\n        }\r\n\r\n        .services_child_2_1 .col-imagen .subtitulo {\r\n            padding-bottom: 30px;\r\n        }\r\n\r\n        .services_child_2_1 .col-imagen .texto {\r\n            padding-bottom: 35px;\r\n        }\r\n\r\n        .iconos_child_2_1,\r\n        .bloques_child_2_1 .subbloque_child_2_1,\r\n        .services_child_2_1 {\r\n            padding: 40px 0;\r\n        }\r\n\r\n        .services_child_2_1 .col-top {\r\n            margin-bottom: 0;\r\n        }\r\n    }\r\n\r\n    @media (max-width:768px) {\r\n        .bloques_child_2_1 .subbloque_child_2_1 .col-imagen .video iframe {\r\n            min-height: 310px;\r\n        }\r\n    }\r\n\r\n    @media (max-width:480px) {\r\n        .iconos_child_2_1 .col-iconos .icono-item {\r\n            width: 100%;\r\n        }\r\n    }\r\n<\/style>\r\n","protected":false},"excerpt":{"rendered":"","protected":false},"author":1,"featured_media":0,"parent":0,"menu_order":0,"comment_status":"open","ping_status":"closed","template":"","meta":{"_acf_changed":false,"iawp_total_views":0,"footnotes":""},"class_list":["post-1611","page","type-page","status-publish","hentry"],"acf":[],"yoast_head":"<!-- This site is optimized with the Yoast SEO plugin v27.4 - https:\/\/yoast.com\/product\/yoast-seo-wordpress\/ -->\n<title>Lorem Ipsum - Manu Scythe Game Design<\/title>\n<meta name=\"description\" content=\"Explora las t\u00e9cnicas de dise\u00f1o en profundidad con ejemplos pr\u00e1cticos e ilustraciones detalladas para mejorar tus habilidades.\" \/>\n<meta name=\"robots\" content=\"index, follow, max-snippet:-1, max-image-preview:large, max-video-preview:-1\" \/>\n<link rel=\"canonical\" href=\"https:\/\/manuscythegamedesign.com\/en\/level-design\/\" \/>\n<meta property=\"og:locale\" content=\"en_US\" \/>\n<meta property=\"og:type\" content=\"article\" \/>\n<meta property=\"og:title\" content=\"Lorem Ipsum - Manu Scythe Game Design\" \/>\n<meta property=\"og:description\" content=\"Explora las t\u00e9cnicas de dise\u00f1o en profundidad con ejemplos pr\u00e1cticos e ilustraciones detalladas para mejorar tus habilidades.\" \/>\n<meta property=\"og:url\" content=\"https:\/\/manuscythegamedesign.com\/en\/level-design\/\" \/>\n<meta property=\"og:site_name\" content=\"Manu Scythe Game Design\" \/>\n<meta property=\"article:modified_time\" content=\"2025-11-24T09:59:56+00:00\" \/>\n<meta name=\"twitter:card\" content=\"summary_large_image\" \/>\n<!-- \/ Yoast SEO plugin. -->","yoast_head_json":{"title":"Lorem Ipsum - Manu Scythe Game Design","description":"Explora las t\u00e9cnicas de dise\u00f1o en profundidad con ejemplos pr\u00e1cticos e ilustraciones detalladas para mejorar tus habilidades.","robots":{"index":"index","follow":"follow","max-snippet":"max-snippet:-1","max-image-preview":"max-image-preview:large","max-video-preview":"max-video-preview:-1"},"canonical":"https:\/\/manuscythegamedesign.com\/en\/level-design\/","og_locale":"en_US","og_type":"article","og_title":"Lorem Ipsum - Manu Scythe Game Design","og_description":"Explora las t\u00e9cnicas de dise\u00f1o en profundidad con ejemplos pr\u00e1cticos e ilustraciones detalladas para mejorar tus habilidades.","og_url":"https:\/\/manuscythegamedesign.com\/en\/level-design\/","og_site_name":"Manu Scythe Game Design","article_modified_time":"2025-11-24T09:59:56+00:00","twitter_card":"summary_large_image","schema":{"@context":"https:\/\/schema.org","@graph":[{"@type":"WebPage","@id":"https:\/\/manuscythegamedesign.com\/en\/level-design\/","url":"https:\/\/manuscythegamedesign.com\/en\/level-design\/","name":"Lorem Ipsum - Manu Scythe Game Design","isPartOf":{"@id":"https:\/\/manuscythegamedesign.com\/en\/#website"},"datePublished":"2025-03-25T14:59:25+00:00","dateModified":"2025-11-24T09:59:56+00:00","description":"Explora las t\u00e9cnicas de dise\u00f1o en profundidad con ejemplos pr\u00e1cticos e ilustraciones detalladas para mejorar tus habilidades.","breadcrumb":{"@id":"https:\/\/manuscythegamedesign.com\/en\/level-design\/#breadcrumb"},"inLanguage":"en-US","potentialAction":[{"@type":"ReadAction","target":["https:\/\/manuscythegamedesign.com\/en\/level-design\/"]}]},{"@type":"BreadcrumbList","@id":"https:\/\/manuscythegamedesign.com\/en\/level-design\/#breadcrumb","itemListElement":[{"@type":"ListItem","position":1,"name":"Portada","item":"https:\/\/manuscythegamedesign.com\/en\/"},{"@type":"ListItem","position":2,"name":"Level Design"}]},{"@type":"WebSite","@id":"https:\/\/manuscythegamedesign.com\/en\/#website","url":"https:\/\/manuscythegamedesign.com\/en\/","name":"Manu Scythe Game Design","description":"","potentialAction":[{"@type":"SearchAction","target":{"@type":"EntryPoint","urlTemplate":"https:\/\/manuscythegamedesign.com\/en\/?s={search_term_string}"},"query-input":{"@type":"PropertyValueSpecification","valueRequired":true,"valueName":"search_term_string"}}],"inLanguage":"en-US"}]}},"_links":{"self":[{"href":"https:\/\/manuscythegamedesign.com\/en\/wp-json\/wp\/v2\/pages\/1611","targetHints":{"allow":["GET"]}}],"collection":[{"href":"https:\/\/manuscythegamedesign.com\/en\/wp-json\/wp\/v2\/pages"}],"about":[{"href":"https:\/\/manuscythegamedesign.com\/en\/wp-json\/wp\/v2\/types\/page"}],"author":[{"embeddable":true,"href":"https:\/\/manuscythegamedesign.com\/en\/wp-json\/wp\/v2\/users\/1"}],"replies":[{"embeddable":true,"href":"https:\/\/manuscythegamedesign.com\/en\/wp-json\/wp\/v2\/comments?post=1611"}],"version-history":[{"count":17,"href":"https:\/\/manuscythegamedesign.com\/en\/wp-json\/wp\/v2\/pages\/1611\/revisions"}],"predecessor-version":[{"id":2611,"href":"https:\/\/manuscythegamedesign.com\/en\/wp-json\/wp\/v2\/pages\/1611\/revisions\/2611"}],"wp:attachment":[{"href":"https:\/\/manuscythegamedesign.com\/en\/wp-json\/wp\/v2\/media?parent=1611"}],"curies":[{"name":"wp","href":"https:\/\/api.w.org\/{rel}","templated":true}]}}