{"id":1612,"date":"2025-03-25T14:57:02","date_gmt":"2025-03-25T14:57:02","guid":{"rendered":"https:\/\/manuscythegamedesign.com\/direccion-de-videojuegos\/"},"modified":"2025-11-24T10:00:18","modified_gmt":"2025-11-24T10:00:18","slug":"video-game-direction","status":"publish","type":"page","link":"https:\/\/manuscythegamedesign.com\/en\/video-game-direction\/","title":{"rendered":"Video game direction"},"content":{"rendered":"<section class=\"header_curvy1_30_1 background-1-light\" id=\"\" data-block-id=\"69e3970b8dec669e3970b8dec7\" data-block-name=\"acf\/header-curvy1-30-1\" data-post-id=\"1612\" data-stable-id=\"block_c2ea7757429de8ec0e9000ee04f275d6\">\r\n    <div class=\"container\">\r\n        <div class=\"row\">\r\n            <div class=\"col\">\r\n                                <div class=\"subtitulo tamano6-boldcta color-1-headings-dark\">The soul of game design<\/div>\r\n                                <h1 class=\"tamano1 color-1-headings-dark\">Video Game Direction<\/h1>\r\n            <\/div>\r\n        <\/div>\r\n    <\/div>\r\n<\/section>\r\n<style>\r\n    .header_curvy1_30_1 .col .subtitulo {\r\n        text-align: center;\r\n        padding-bottom: 25px;\r\n    }\r\n\r\n    .header_curvy1_30_1 .col h1 {\r\n        text-align: center;\r\n    }\r\n\r\n    .header_curvy1_30_1 .col {\r\n        max-width: 1230px;\r\n        margin: 0 auto;\r\n    }\r\n\r\n    .header_curvy1_30_1 {\r\n        padding: 200px 0 55px 0;\r\n    }\r\n\r\n    @media (max-width:1200px) {\r\n        .header_curvy1_30_1 {\r\n            padding: 120px 0 35px 0;\r\n        }\r\n    }\r\n\r\n    @media (max-width:768px) {\r\n        .header_curvy1_30_1 h1 {\r\n            line-height: var(--tamano3-line-height);\r\n        }\r\n\r\n        .header_curvy1_30_1 {\r\n            padding: 100px 0 40px;\r\n        }\r\n    }\r\n<\/style>\r\n<section class=\"services_child_2_1 background-1-light\" id=\"\" data-block-id=\"69e3970b8ec2069e3970b8ec21\" data-block-name=\"acf\/services-child-2-1\" data-post-id=\"1612\" data-stable-id=\"block_da910627a8e38827be0dbd6697d3cfb3\">\r\n    <div class=\"container\">\r\n        <div class=\"row\">\r\n            <div class=\"col col-top\" data-aos=\"fade-up\">\r\n                                                <h2 class=\"tamano2 color-1-headings-dark\">Do you know the difference between Director, Producer, and Designer?<\/h2>\r\n                            <\/div>\r\n                    <\/div>\r\n    <\/div>\r\n<\/section>\r\n<section class=\"bloques_child_2_1 background-1-light\">\r\n        <div class=\"subbloque_child_2_1 \">\r\n        <div class=\"container\">\r\n            <div class=\"row\">\r\n                <div class=\"col col-imagen\" data-aos=\"fade-right\">\r\n                                                                <img decoding=\"async\" src=\"https:\/\/manuscythegamedesign.com\/wp-content\/uploads\/2025\/10\/7-Game-Director-e1760639103725.png\" title=\"Game Director\" alt=\"Game Director\">\r\n                                                        <\/div>\r\n                <div class=\"col col-texto\" data-aos=\"fade-left\">\r\n                                        <h3 class=\"tamano3 color-1-headings-dark\">Video game direction<\/h3>\r\n                                                            <div class=\"texto tamano7 color-1-body-dark\"><p>But then, if the Game Director is the one who decides and supervises the game vision&#8230; What does the Game Designer do?<\/p>\n<p>While the Director ensures that the game feels as it should, the Game Designer defines in maximum detail which elements will provide that experience.<\/p>\n<p>Often, both roles are partially overlapped, and in some teams, directors were formerly Designers, Producers, or Programmers.<\/p>\n<p>Each project needs a different type of director, but it is always good for the Game Director to know a little about everything to understand what to ask of their team.<\/p>\n<\/div>\r\n                                                            <a class=\"btn-round tamano-7-mediumcta color-boton-1-texto-normal color-boton-1-texto-hover color-boton-1-normal color-boton-1-hover\"\r\n                        href=\"https:\/\/manuscythegamedesign.com\/contacto\/\" target=\"\">I need a Game Director<\/a>\r\n                                    <\/div>\r\n            <\/div>\r\n        <\/div>\r\n    <\/div>\r\n    <\/div>\r\n        <div class=\"subbloque_child_2_1 \">\r\n        <div class=\"container\">\r\n            <div class=\"row\">\r\n                <div class=\"col col-imagen\" data-aos=\"fade-right\">\r\n                                                                <img decoding=\"async\" src=\"https:\/\/manuscythegamedesign.com\/wp-content\/uploads\/2025\/10\/Game-Director-vs-Producer-e1760640405638.png\" title=\"Game Director vs Producer\" alt=\"Game Director vs Producer\">\r\n                                                        <\/div>\r\n                <div class=\"col col-texto\" data-aos=\"fade-left\">\r\n                                        <h3 class=\"tamano3 color-1-headings-dark\">Game Director vs Producer<\/h3>\r\n                                                            <div class=\"texto tamano7 color-1-body-dark\"><p>The word director is often confusing: it is not about &#8220;the boss&#8221;, but about the figure who sets and maintains the direction.<\/p>\n<p>The Producer is in charge of providing the means so that the vision is met with the resources available to the team.<\/p>\n<p>While the Game Director is responsible for achieving the right effect on the audience with the provided means.<\/p>\n<p>If you want to know more about the Producer&#8217;s role, click the link.<\/p>\n<\/div>\r\n                                                            <a class=\"btn-round tamano-7-mediumcta color-boton-1-texto-normal color-boton-1-texto-hover color-boton-1-normal color-boton-1-hover\"\r\n                        href=\"https:\/\/manuscythegamedesign.com\/produccion-de-videojuegos\/\" target=\"\">The Producer&#8217;s role<\/a>\r\n                                    <\/div>\r\n            <\/div>\r\n        <\/div>\r\n    <\/div>\r\n    <\/div>\r\n        <div class=\"subbloque_child_2_1 \">\r\n        <div class=\"container\">\r\n            <div class=\"row\">\r\n                <div class=\"col col-imagen\" data-aos=\"fade-right\">\r\n                                                                <img decoding=\"async\" src=\"https:\/\/manuscythegamedesign.com\/wp-content\/uploads\/2025\/10\/Game-Director-vs-Designer-e1760654239593.png\" title=\"Game Director vs Designer\" alt=\"Game Director vs Designer\">\r\n                                                        <\/div>\r\n                <div class=\"col col-texto\" data-aos=\"fade-left\">\r\n                                        <h3 class=\"tamano3 color-1-headings-dark\">The Game Director vs the Game Designer<\/h3>\r\n                                                            <div class=\"texto tamano7 color-1-body-dark\"><p>But then, if the Game Director is the one who decides and supervises the game vision&#8230; What does the Game Designer do?<\/p>\n<p>While the Director ensures that the game feels as it should, the Game Designer defines in maximum detail which elements will provide that experience.<\/p>\n<p>Often, both roles are partially overlapped, and in some teams, directors were formerly Designers, Producers, or Programmers.<\/p>\n<p>Each project needs a different type of director, but it is always good for the Game Director to know a little about everything to understand what to ask of their team.<\/p>\n<\/div>\r\n                                                            <a class=\"btn-round tamano-7-mediumcta color-boton-1-texto-normal color-boton-1-texto-hover color-boton-1-normal color-boton-1-hover\"\r\n                        href=\"https:\/\/manuscythegamedesign.com\/game-design\/\" target=\"\">more about the Game Designer<\/a>\r\n                                    <\/div>\r\n            <\/div>\r\n        <\/div>\r\n    <\/div>\r\n    <\/div>\r\n    <\/section>\r\n<style>\r\n    .bloques_child_2_1,\r\n    .iconos_child_2_1,\r\n    .services_child_2_1 {\r\n        overflow-x: hidden;\r\n    }\r\n\r\n    .services_child_2_1 .col-columnas .columna-item .texto *:not(:last-child) {\r\n        padding-bottom: 20px;\r\n    }\r\n\r\n    .services_child_2_1 .col-columnas .columna-item .texto {\r\n        padding-bottom: 30px;\r\n    }\r\n\r\n    .services_child_2_1 .col-columnas .columna-item h3 {\r\n        padding-bottom: 25px;\r\n    }\r\n\r\n    .services_child_2_1 .col-columnas .columna-item {\r\n        width: calc(33% - 20px);\r\n    }\r\n\r\n    .bloques_child_2_1 .subbloque_child_2_1 .texto *:not(:last-child) {\r\n        padding-bottom: 20px;\r\n    }\r\n\r\n    .bloques_child_2_1 .subbloque_child_2_1 .texto {\r\n        padding-bottom: 35px;\r\n    }\r\n\r\n    .bloques_child_2_1 .subbloque_child_2_1 h3 {\r\n        padding-bottom: 25px;\r\n    }\r\n\r\n    .bloques_child_2_1 .subbloque_child_2_1 .row>.col {\r\n        width: 50%;\r\n    }\r\n\r\n    .bloques_child_2_1 .subbloque_child_2_1:nth-child(even) .row {\r\n        flex-direction: row-reverse;\r\n    }\r\n\r\n    .bloques_child_2_1 .subbloque_child_2_1 .row {\r\n        display: flex;\r\n        align-items: center;\r\n        gap: 150px;\r\n    }\r\n\r\n    .iconos_child_2_1,\r\n    .bloques_child_2_1 .subbloque_child_2_1 {\r\n        padding: 80px 150px;\r\n    }\r\n\r\n    .bloques_child_2_1 .subbloque_child_2_1 .col-imagen .video {\r\n        width: 100%;\r\n        height: 100%;\r\n        overflow: hidden;\r\n    }\r\n\r\n    .bloques_child_2_1 .subbloque_child_2_1 .col-imagen .video iframe {\r\n        width: 100%;\r\n        height: 100%;\r\n        border: none;\r\n        min-height: 600px;\r\n    }\r\n\r\n    .services_child_2_1 .col-columnas {\r\n        padding-left: 150px;\r\n        flex-wrap: wrap;\r\n        display: flex;\r\n        gap: 30px;\r\n    }\r\n\r\n    .services_child_2_1 .col-top {\r\n        margin-bottom: 65px;\r\n    }\r\n\r\n    .services_child_2_1 .col-top .subtitulo {\r\n        padding-bottom: 25px;\r\n    }\r\n\r\n    .services_child_2_1 {\r\n        padding: 80px 150px;\r\n    }\r\n\r\n    .subbloque_child_2_1 .btn-round,\r\n    .services_child_2_1 .btn-round {\r\n        border-radius: 60px;\r\n        padding: 12px 25px;\r\n        display: inline-block;\r\n        min-width: 175px;\r\n        text-align: center;\r\n        text-decoration: none;\r\n    }\r\n\r\n    .iconos_child_2_1 .col-titulo h3 {\r\n        text-align: center;\r\n    }\r\n\r\n    .iconos_child_2_1 .col-iconos .icono-item img {\r\n        max-width: 112px;\r\n        margin: 0 auto;\r\n    }\r\n\r\n    .iconos_child_2_1 .col-iconos .icono-item .titulo {\r\n        text-align: center;\r\n    }\r\n\r\n    .iconos_child_2_1 .col-iconos .icono-item {\r\n        display: flex;\r\n        flex-direction: column;\r\n        gap: 35px;\r\n        justify-content: center;\r\n        align-items: center;\r\n        width: calc(20% - 24px);\r\n    }\r\n\r\n    .iconos_child_2_1 .col-iconos {\r\n        display: flex;\r\n        align-items: flex-start;\r\n        flex-wrap: wrap;\r\n        gap: 30px;\r\n        justify-content: center;\r\n    }\r\n\r\n    .iconos_child_2_1 .col-titulo {\r\n        padding-bottom: 80px;\r\n    }\r\n\r\n    @media (max-width:1750px) {\r\n        .services_child_2_1 .col-columnas {\r\n            padding-left: 50px;\r\n        }\r\n\r\n        .iconos_child_2_1,\r\n        .bloques_child_2_1 .subbloque_child_2_1,\r\n        .services_child_2_1 {\r\n            padding-left: 50px;\r\n            padding-right: 50px;\r\n        }\r\n    }\r\n\r\n    @media (max-width:1550px) {\r\n        .bloques_child_2_1 .subbloque_child_2_1 .row {\r\n            gap: 75px;\r\n        }\r\n\r\n        .services_child_2_1 .col-columnas {\r\n            padding-left: 15px;\r\n        }\r\n\r\n        .iconos_child_2_1,\r\n        .bloques_child_2_1 .subbloque_child_2_1,\r\n        .services_child_2_1 {\r\n            padding-left: 0;\r\n            padding-right: 0;\r\n        }\r\n\r\n        .bloques_child_2_1 .subbloque_child_2_1 .col-imagen .video iframe {\r\n            min-height: 400px;\r\n        }\r\n    }\r\n\r\n    @media (max-width:1250px) {\r\n        .bloques_child_2_1 .subbloque_child_2_1 .row {\r\n            gap: 0;\r\n        }\r\n\r\n        .services_child_2_1 .col-imagen {\r\n            flex-direction: column;\r\n            gap: 30px;\r\n        }\r\n\r\n        .services_child_2_1 .col-breadcrumbs {\r\n            padding-bottom: 25px;\r\n        }\r\n\r\n        .services_child_2_1 .col-imagen .left {\r\n            width: 100%;\r\n            position: relative;\r\n            top: inherit;\r\n            transform: none;\r\n        }\r\n\r\n        .services_child_2_1 .col-imagen .right {\r\n            max-width: 100%;\r\n            width: 100%;\r\n        }\r\n    }\r\n\r\n    @media (max-width:992px) {\r\n        .iconos_child_2_1 .col-iconos .icono-item {\r\n            width: calc(50% - 15px);\r\n        }\r\n\r\n        .services_child_2_1 .col-columnas .columna-item {\r\n            width: 100%;\r\n        }\r\n\r\n        .bloques_child_2_1 .subbloque_child_2_1 .row>.col {\r\n            width: 100%;\r\n        }\r\n\r\n        .bloques_child_2_1 .subbloque_child_2_1:nth-child(even) .row,\r\n        .bloques_child_2_1 .subbloque_child_2_1 .row {\r\n            flex-direction: column;\r\n            gap: 30px;\r\n        }\r\n\r\n        .services_child_2_1 .col-imagen .right {\r\n            padding-top: 0;\r\n        }\r\n\r\n        .services_child_2_1 .col-imagen .subtitulo {\r\n            padding-bottom: 30px;\r\n        }\r\n\r\n        .services_child_2_1 .col-imagen .texto {\r\n            padding-bottom: 35px;\r\n        }\r\n\r\n        .iconos_child_2_1,\r\n        .bloques_child_2_1 .subbloque_child_2_1,\r\n        .services_child_2_1 {\r\n            padding: 40px 0;\r\n        }\r\n\r\n        .services_child_2_1 .col-top {\r\n            margin-bottom: 0;\r\n        }\r\n    }\r\n\r\n    @media (max-width:768px) {\r\n        .bloques_child_2_1 .subbloque_child_2_1 .col-imagen .video iframe {\r\n            min-height: 310px;\r\n        }\r\n    }\r\n\r\n    @media (max-width:480px) {\r\n        .iconos_child_2_1 .col-iconos .icono-item {\r\n            width: 100%;\r\n        }\r\n    }\r\n<\/style>\r\n","protected":false},"excerpt":{"rendered":"","protected":false},"author":1,"featured_media":1719,"parent":0,"menu_order":0,"comment_status":"open","ping_status":"closed","template":"","meta":{"_acf_changed":false,"iawp_total_views":3,"footnotes":""},"class_list":["post-1612","page","type-page","status-publish","has-post-thumbnail","hentry"],"acf":[],"yoast_head":"<!-- This site is optimized with the Yoast SEO plugin v27.4 - https:\/\/yoast.com\/product\/yoast-seo-wordpress\/ -->\n<title>Manu Scythe Game Design - P\u00e1gina de Ejemplo<\/title>\n<meta name=\"description\" content=\"Explora el dise\u00f1o de juegos con Manu Scythe. Aprende sobre dise\u00f1o creativo y t\u00e9cnicas innovadoras para crear experiencias de juego \u00fanicas. Descubre m\u00e1s.\" \/>\n<meta name=\"robots\" content=\"index, follow, max-snippet:-1, max-image-preview:large, max-video-preview:-1\" \/>\n<link rel=\"canonical\" href=\"https:\/\/manuscythegamedesign.com\/en\/video-game-direction\/\" \/>\n<meta property=\"og:locale\" content=\"en_US\" \/>\n<meta property=\"og:type\" content=\"article\" \/>\n<meta property=\"og:title\" content=\"Manu Scythe Game Design - P\u00e1gina de Ejemplo\" \/>\n<meta property=\"og:description\" content=\"Explora el dise\u00f1o de juegos con Manu Scythe. Aprende sobre dise\u00f1o creativo y t\u00e9cnicas innovadoras para crear experiencias de juego \u00fanicas. Descubre m\u00e1s.\" \/>\n<meta property=\"og:url\" content=\"https:\/\/manuscythegamedesign.com\/en\/video-game-direction\/\" \/>\n<meta property=\"og:site_name\" content=\"Manu Scythe Game Design\" \/>\n<meta property=\"article:modified_time\" content=\"2025-11-24T10:00:18+00:00\" \/>\n<meta property=\"og:image\" content=\"https:\/\/manuscythegamedesign.com\/wp-content\/uploads\/2025\/08\/Leonardo_Vision_XL_Imagen_de_un_equipo_de_desarrolladores_de_v_0.jpg\" \/>\n\t<meta property=\"og:image:width\" content=\"1792\" \/>\n\t<meta property=\"og:image:height\" content=\"1792\" \/>\n\t<meta property=\"og:image:type\" content=\"image\/jpeg\" \/>\n<meta name=\"twitter:card\" content=\"summary_large_image\" \/>\n<meta name=\"twitter:label1\" content=\"Est. reading time\" \/>\n\t<meta name=\"twitter:data1\" content=\"1 minute\" \/>\n<!-- \/ Yoast SEO plugin. -->","yoast_head_json":{"title":"Manu Scythe Game Design - P\u00e1gina de Ejemplo","description":"Explora el dise\u00f1o de juegos con Manu Scythe. Aprende sobre dise\u00f1o creativo y t\u00e9cnicas innovadoras para crear experiencias de juego \u00fanicas. Descubre m\u00e1s.","robots":{"index":"index","follow":"follow","max-snippet":"max-snippet:-1","max-image-preview":"max-image-preview:large","max-video-preview":"max-video-preview:-1"},"canonical":"https:\/\/manuscythegamedesign.com\/en\/video-game-direction\/","og_locale":"en_US","og_type":"article","og_title":"Manu Scythe Game Design - P\u00e1gina de Ejemplo","og_description":"Explora el dise\u00f1o de juegos con Manu Scythe. Aprende sobre dise\u00f1o creativo y t\u00e9cnicas innovadoras para crear experiencias de juego \u00fanicas. Descubre m\u00e1s.","og_url":"https:\/\/manuscythegamedesign.com\/en\/video-game-direction\/","og_site_name":"Manu Scythe Game Design","article_modified_time":"2025-11-24T10:00:18+00:00","og_image":[{"width":1792,"height":1792,"url":"https:\/\/manuscythegamedesign.com\/wp-content\/uploads\/2025\/08\/Leonardo_Vision_XL_Imagen_de_un_equipo_de_desarrolladores_de_v_0.jpg","type":"image\/jpeg"}],"twitter_card":"summary_large_image","twitter_misc":{"Est. reading time":"1 minute"},"schema":{"@context":"https:\/\/schema.org","@graph":[{"@type":"WebPage","@id":"https:\/\/manuscythegamedesign.com\/en\/video-game-direction\/","url":"https:\/\/manuscythegamedesign.com\/en\/video-game-direction\/","name":"Manu Scythe Game Design - P\u00e1gina de Ejemplo","isPartOf":{"@id":"https:\/\/manuscythegamedesign.com\/en\/#website"},"primaryImageOfPage":{"@id":"https:\/\/manuscythegamedesign.com\/en\/video-game-direction\/#primaryimage"},"image":{"@id":"https:\/\/manuscythegamedesign.com\/en\/video-game-direction\/#primaryimage"},"thumbnailUrl":"https:\/\/manuscythegamedesign.com\/wp-content\/uploads\/2025\/08\/Leonardo_Vision_XL_Imagen_de_un_equipo_de_desarrolladores_de_v_0.jpg","datePublished":"2025-03-25T14:57:02+00:00","dateModified":"2025-11-24T10:00:18+00:00","description":"Explora el dise\u00f1o de juegos con Manu Scythe. Aprende sobre dise\u00f1o creativo y t\u00e9cnicas innovadoras para crear experiencias de juego \u00fanicas. Descubre m\u00e1s.","breadcrumb":{"@id":"https:\/\/manuscythegamedesign.com\/en\/video-game-direction\/#breadcrumb"},"inLanguage":"en-US","potentialAction":[{"@type":"ReadAction","target":["https:\/\/manuscythegamedesign.com\/en\/video-game-direction\/"]}]},{"@type":"ImageObject","inLanguage":"en-US","@id":"https:\/\/manuscythegamedesign.com\/en\/video-game-direction\/#primaryimage","url":"https:\/\/manuscythegamedesign.com\/wp-content\/uploads\/2025\/08\/Leonardo_Vision_XL_Imagen_de_un_equipo_de_desarrolladores_de_v_0.jpg","contentUrl":"https:\/\/manuscythegamedesign.com\/wp-content\/uploads\/2025\/08\/Leonardo_Vision_XL_Imagen_de_un_equipo_de_desarrolladores_de_v_0.jpg","width":1792,"height":1792},{"@type":"BreadcrumbList","@id":"https:\/\/manuscythegamedesign.com\/en\/video-game-direction\/#breadcrumb","itemListElement":[{"@type":"ListItem","position":1,"name":"Portada","item":"https:\/\/manuscythegamedesign.com\/en\/"},{"@type":"ListItem","position":2,"name":"Video game direction"}]},{"@type":"WebSite","@id":"https:\/\/manuscythegamedesign.com\/en\/#website","url":"https:\/\/manuscythegamedesign.com\/en\/","name":"Manu Scythe Game Design","description":"","potentialAction":[{"@type":"SearchAction","target":{"@type":"EntryPoint","urlTemplate":"https:\/\/manuscythegamedesign.com\/en\/?s={search_term_string}"},"query-input":{"@type":"PropertyValueSpecification","valueRequired":true,"valueName":"search_term_string"}}],"inLanguage":"en-US"}]}},"_links":{"self":[{"href":"https:\/\/manuscythegamedesign.com\/en\/wp-json\/wp\/v2\/pages\/1612","targetHints":{"allow":["GET"]}}],"collection":[{"href":"https:\/\/manuscythegamedesign.com\/en\/wp-json\/wp\/v2\/pages"}],"about":[{"href":"https:\/\/manuscythegamedesign.com\/en\/wp-json\/wp\/v2\/types\/page"}],"author":[{"embeddable":true,"href":"https:\/\/manuscythegamedesign.com\/en\/wp-json\/wp\/v2\/users\/1"}],"replies":[{"embeddable":true,"href":"https:\/\/manuscythegamedesign.com\/en\/wp-json\/wp\/v2\/comments?post=1612"}],"version-history":[{"count":17,"href":"https:\/\/manuscythegamedesign.com\/en\/wp-json\/wp\/v2\/pages\/1612\/revisions"}],"predecessor-version":[{"id":2612,"href":"https:\/\/manuscythegamedesign.com\/en\/wp-json\/wp\/v2\/pages\/1612\/revisions\/2612"}],"wp:featuredmedia":[{"embeddable":true,"href":"https:\/\/manuscythegamedesign.com\/en\/wp-json\/wp\/v2\/media\/1719"}],"wp:attachment":[{"href":"https:\/\/manuscythegamedesign.com\/en\/wp-json\/wp\/v2\/media?parent=1612"}],"curies":[{"name":"wp","href":"https:\/\/api.w.org\/{rel}","templated":true}]}}