{"id":1613,"date":"2025-03-25T14:21:34","date_gmt":"2025-03-25T14:21:34","guid":{"rendered":"https:\/\/manuscythegamedesign.com\/servicios\/"},"modified":"2025-11-24T10:00:43","modified_gmt":"2025-11-24T10:00:43","slug":"services","status":"publish","type":"page","link":"https:\/\/manuscythegamedesign.com\/en\/services\/","title":{"rendered":"Services"},"content":{"rendered":"<section class=\"services_curvy1_22_1 background-1-light\" id=\"\" data-block-id=\"69e3956be5ef769e3956be5ef8\" data-block-name=\"acf\/services-curvy1-22-1\" data-post-id=\"1613\" data-stable-id=\"block_d21d1cef1b86887d8aebdb4286d78548\">\r\n    <div class=\"container\">\r\n        <div class=\"row\">\r\n            <div class=\"col col-top\">\r\n                                            <\/div>\r\n        <\/div>\r\n    <\/div>\r\n    <div class=\"container\">\r\n        <div class=\"row\">\r\n            <div class=\"col col-servicios\">\r\n                <div class=\"servicios\">\r\n                                                                    <a href=\"https:\/\/manuscythegamedesign.com\/direccion-de-videojuegos\/\" class=\"servicio-item\">\r\n                            <div class=\"imagen\"\r\n                                aria-label=\"\"\r\n                                style=\"background-image: url('');\"><\/div>\r\n                            <div class=\"mask\"><\/div>\r\n                            <div class=\"meta\">\r\n                                <h3 class=\"tamano3 color-1-headings-dark\">Video game direction<\/h3>\r\n                                                            <\/div>\r\n                        <\/a>\r\n                                                <a href=\"https:\/\/manuscythegamedesign.com\/wp-admin\/post.php?post=1545&amp;action=edit&amp;lang=es\" class=\"servicio-item\">\r\n                            <div class=\"imagen\"\r\n                                aria-label=\"\"\r\n                                style=\"background-image: url('');\"><\/div>\r\n                            <div class=\"mask\"><\/div>\r\n                            <div class=\"meta\">\r\n                                <h3 class=\"tamano3 color-1-headings-dark\">Level Design<\/h3>\r\n                                                            <\/div>\r\n                        <\/a>\r\n                                                <a href=\"https:\/\/manuscythegamedesign.com\/wp-admin\/post.php?post=1546&amp;action=edit&amp;lang=es\" class=\"servicio-item\">\r\n                            <div class=\"imagen\"\r\n                                aria-label=\"\"\r\n                                style=\"background-image: url('');\"><\/div>\r\n                            <div class=\"mask\"><\/div>\r\n                            <div class=\"meta\">\r\n                                <h3 class=\"tamano3 color-1-headings-dark\">Game Design<\/h3>\r\n                                                            <\/div>\r\n                        <\/a>\r\n                                                <a href=\"https:\/\/manuscythegamedesign.com\/wp-admin\/post.php?post=1549&amp;action=edit&amp;lang=es\" class=\"servicio-item\">\r\n                            <div class=\"imagen\"\r\n                                aria-label=\"\"\r\n                                style=\"background-image: url('');\"><\/div>\r\n                            <div class=\"mask\"><\/div>\r\n                            <div class=\"meta\">\r\n                                <h3 class=\"tamano3 color-1-headings-dark\">Video game production<\/h3>\r\n                                                            <\/div>\r\n                        <\/a>\r\n                                                <a href=\"https:\/\/manuscythegamedesign.com\/wp-admin\/post.php?post=1566&amp;action=edit&amp;lang=es\" class=\"servicio-item\">\r\n                            <div class=\"imagen\"\r\n                                aria-label=\"\"\r\n                                style=\"background-image: url('');\"><\/div>\r\n                            <div class=\"mask\"><\/div>\r\n                            <div class=\"meta\">\r\n                                <h3 class=\"tamano3 color-1-headings-dark\">Personalized consulting<\/h3>\r\n                                                            <\/div>\r\n                        <\/a>\r\n                                                            <\/div>\r\n            <\/div>\r\n        <\/div>\r\n    <\/div>\r\n\r\n<\/section>\r\n<style>\r\n    .services_curvy1_22_1 .servicio-item .texto {\r\n        transition: all ease .3s;\r\n        text-align: center;\r\n    }\r\n\r\n    .services_curvy1_22_1 .servicio-item h3 {\r\n        padding-bottom: 25px;\r\n        transition: all ease .3s;\r\n        text-align: center;\r\n    }\r\n\r\n    .services_curvy1_22_1 .servicio-item:hover .texto,\r\n    .services_curvy1_22_1 .servicio-item.hover .texto {\r\n        color: var(--color-2-headings-light);\r\n    }\r\n\r\n    .services_curvy1_22_1 .servicio-item:hover h3,\r\n    .services_curvy1_22_1 .servicio-item.hover h3 {\r\n        color: var(--background-1-light);\r\n    }\r\n\r\n    .services_curvy1_22_1 .servicio-item:hover .mask,\r\n    .services_curvy1_22_1 .servicio-item:hover .imagen,\r\n    .services_curvy1_22_1 .servicio-item.hover .mask,\r\n    .services_curvy1_22_1 .servicio-item.hover .imagen {\r\n        opacity: 1;\r\n        visibility: visible;\r\n    }\r\n\r\n    .services_curvy1_22_1 .servicio-item .mask {\r\n        background: rgba(43, 43, 43, 0.50);\r\n        position: absolute;\r\n        top: 0;\r\n        left: 0;\r\n        width: 100%;\r\n        height: 100%;\r\n        opacity: 0;\r\n        visibility: hidden;\r\n        border-radius: 30px;\r\n        transition: all ease .3s;\r\n    }\r\n\r\n     .services_curvy1_22_1 .servicio-item .imagen {\r\n        position: absolute;\r\n        top: 0;\r\n        left: 0;\r\n        width: 100%;\r\n        height: 100%;\r\n        opacity: 0;\r\n        background-position: center;\r\n        background-repeat: no-repeat;\r\n        background-size: cover;\r\n        visibility: hidden;\r\n        transition: all ease .3s;\r\n        border-radius: 30px;\r\n    }\r\n\r\n     .services_curvy1_22_1 .servicio-item .meta {\r\n        position: relative;\r\n    }\r\n\r\n    .services_curvy1_22_1 .servicio-item:not(:last-child)::after {\r\n        bottom: -8px;\r\n        width: calc(100% - 30px);\r\n        height: 1px;\r\n        left: 50%;\r\n        transform: translateX(-50%);\r\n        position: absolute;\r\n        background-color: var(--color-3-body-dark);\r\n        opacity: 0.5;\r\n        content: \"\";\r\n    }\r\n\r\n    .services_curvy1_22_1 .servicio-item:hover:not(:last-child)::after {\r\n        display: none;\r\n    }\r\n\r\n    .services_curvy1_22_1 .servicio-item {\r\n        position: relative;\r\n        position: relative;\r\n        display: block;\r\n        text-decoration: none;\r\n        border-radius: 30px;\r\n        transition: all ease .3s;\r\n        padding: 80px 90px 80px 90px;\r\n        margin-bottom: 15px;\r\n    }\r\n\r\n    .services_curvy1_22_1 .col-top {\r\n        max-width: 1079px;\r\n        margin: 0 auto;\r\n        padding-bottom: 70px;\r\n    }\r\n\r\n    .services_curvy1_22_1 h2 {\r\n        text-align: center;\r\n        padding-bottom: 25px;\r\n    }\r\n\r\n\r\n     .services_curvy1_22_1 {\r\n        padding: 80px 150px;\r\n    }\r\n\r\n    @media (max-width:1550px) {\r\n        .services_curvy1_22_1 {\r\n            padding: 80px 50px;\r\n        }\r\n    }\r\n\r\n    @media (max-width:1350px) {\r\n        .services_curvy1_22_1 {\r\n            padding: 80px 0;\r\n        }\r\n    }\r\n\r\n    @media (max-width:992px) {\r\n        .services_curvy1_22_1 .servicio-item {\r\n            padding-top: 100px;\r\n        }\r\n\r\n        .services_curvy1_22_1 {\r\n            padding: 40px 0;\r\n        }\r\n\r\n        .services_curvy1_22_1 .servicio-item h3 {\r\n            padding-bottom: 15px;\r\n        }\r\n\r\n        .services_curvy1_22_1 .col-top {\r\n            padding-bottom: 40px;\r\n        }\r\n\r\n    }\r\n\r\n    @media (max-width:768px) {\r\n        .services_curvy1_22_1 .servicio-item {\r\n            padding: 42px 30px;\r\n        }\r\n\r\n        .services_curvy1_22_1 .servicio-item h3 {\r\n            line-height: var(--tamano4-line-height);\r\n            font-size: var(--tamano5-font-size);\r\n        }\r\n    }\r\n<\/style>\r\n","protected":false},"excerpt":{"rendered":"","protected":false},"author":1,"featured_media":0,"parent":0,"menu_order":0,"comment_status":"open","ping_status":"closed","template":"","meta":{"_acf_changed":false,"iawp_total_views":1,"footnotes":""},"class_list":["post-1613","page","type-page","status-publish","hentry"],"acf":[],"yoast_head":"<!-- This site is optimized with the Yoast SEO plugin v27.4 - https:\/\/yoast.com\/product\/yoast-seo-wordpress\/ -->\n<title>Manu Scythe Game Design: Direcci\u00f3n y Consultor\u00eda<\/title>\n<meta name=\"description\" content=\"Explora la direcci\u00f3n, producci\u00f3n y dise\u00f1o de videojuegos con Manu Scythe Game Design. Ofrecemos consultor\u00edas personalizadas para potenciar tus proyectos.\" \/>\n<meta name=\"robots\" content=\"index, follow, max-snippet:-1, max-image-preview:large, max-video-preview:-1\" \/>\n<link rel=\"canonical\" href=\"https:\/\/manuscythegamedesign.com\/en\/services\/\" \/>\n<meta property=\"og:locale\" content=\"en_US\" \/>\n<meta property=\"og:type\" content=\"article\" \/>\n<meta property=\"og:title\" content=\"Manu Scythe Game Design: Direcci\u00f3n y Consultor\u00eda\" \/>\n<meta property=\"og:description\" content=\"Explora la direcci\u00f3n, producci\u00f3n y dise\u00f1o de videojuegos con Manu Scythe Game Design. Ofrecemos consultor\u00edas personalizadas para potenciar tus proyectos.\" \/>\n<meta property=\"og:url\" content=\"https:\/\/manuscythegamedesign.com\/en\/services\/\" \/>\n<meta property=\"og:site_name\" content=\"Manu Scythe Game Design\" \/>\n<meta property=\"article:modified_time\" content=\"2025-11-24T10:00:43+00:00\" \/>\n<meta name=\"twitter:card\" content=\"summary_large_image\" \/>\n<!-- \/ Yoast SEO plugin. -->","yoast_head_json":{"title":"Manu Scythe Game Design: Direcci\u00f3n y Consultor\u00eda","description":"Explora la direcci\u00f3n, producci\u00f3n y dise\u00f1o de videojuegos con Manu Scythe Game Design. Ofrecemos consultor\u00edas personalizadas para potenciar tus proyectos.","robots":{"index":"index","follow":"follow","max-snippet":"max-snippet:-1","max-image-preview":"max-image-preview:large","max-video-preview":"max-video-preview:-1"},"canonical":"https:\/\/manuscythegamedesign.com\/en\/services\/","og_locale":"en_US","og_type":"article","og_title":"Manu Scythe Game Design: Direcci\u00f3n y Consultor\u00eda","og_description":"Explora la direcci\u00f3n, producci\u00f3n y dise\u00f1o de videojuegos con Manu Scythe Game Design. Ofrecemos consultor\u00edas personalizadas para potenciar tus proyectos.","og_url":"https:\/\/manuscythegamedesign.com\/en\/services\/","og_site_name":"Manu Scythe Game Design","article_modified_time":"2025-11-24T10:00:43+00:00","twitter_card":"summary_large_image","schema":{"@context":"https:\/\/schema.org","@graph":[{"@type":"WebPage","@id":"https:\/\/manuscythegamedesign.com\/en\/services\/","url":"https:\/\/manuscythegamedesign.com\/en\/services\/","name":"Manu Scythe Game Design: Direcci\u00f3n y Consultor\u00eda","isPartOf":{"@id":"https:\/\/manuscythegamedesign.com\/en\/#website"},"datePublished":"2025-03-25T14:21:34+00:00","dateModified":"2025-11-24T10:00:43+00:00","description":"Explora la direcci\u00f3n, producci\u00f3n y dise\u00f1o de videojuegos con Manu Scythe Game Design. Ofrecemos consultor\u00edas personalizadas para potenciar tus proyectos.","breadcrumb":{"@id":"https:\/\/manuscythegamedesign.com\/en\/services\/#breadcrumb"},"inLanguage":"en-US","potentialAction":[{"@type":"ReadAction","target":["https:\/\/manuscythegamedesign.com\/en\/services\/"]}]},{"@type":"BreadcrumbList","@id":"https:\/\/manuscythegamedesign.com\/en\/services\/#breadcrumb","itemListElement":[{"@type":"ListItem","position":1,"name":"Portada","item":"https:\/\/manuscythegamedesign.com\/en\/"},{"@type":"ListItem","position":2,"name":"Services"}]},{"@type":"WebSite","@id":"https:\/\/manuscythegamedesign.com\/en\/#website","url":"https:\/\/manuscythegamedesign.com\/en\/","name":"Manu Scythe Game Design","description":"","potentialAction":[{"@type":"SearchAction","target":{"@type":"EntryPoint","urlTemplate":"https:\/\/manuscythegamedesign.com\/en\/?s={search_term_string}"},"query-input":{"@type":"PropertyValueSpecification","valueRequired":true,"valueName":"search_term_string"}}],"inLanguage":"en-US"}]}},"_links":{"self":[{"href":"https:\/\/manuscythegamedesign.com\/en\/wp-json\/wp\/v2\/pages\/1613","targetHints":{"allow":["GET"]}}],"collection":[{"href":"https:\/\/manuscythegamedesign.com\/en\/wp-json\/wp\/v2\/pages"}],"about":[{"href":"https:\/\/manuscythegamedesign.com\/en\/wp-json\/wp\/v2\/types\/page"}],"author":[{"embeddable":true,"href":"https:\/\/manuscythegamedesign.com\/en\/wp-json\/wp\/v2\/users\/1"}],"replies":[{"embeddable":true,"href":"https:\/\/manuscythegamedesign.com\/en\/wp-json\/wp\/v2\/comments?post=1613"}],"version-history":[{"count":11,"href":"https:\/\/manuscythegamedesign.com\/en\/wp-json\/wp\/v2\/pages\/1613\/revisions"}],"predecessor-version":[{"id":2613,"href":"https:\/\/manuscythegamedesign.com\/en\/wp-json\/wp\/v2\/pages\/1613\/revisions\/2613"}],"wp:attachment":[{"href":"https:\/\/manuscythegamedesign.com\/en\/wp-json\/wp\/v2\/media?parent=1613"}],"curies":[{"name":"wp","href":"https:\/\/api.w.org\/{rel}","templated":true}]}}